{"id":15,"date":"2024-06-13T08:21:55","date_gmt":"2024-06-13T08:21:55","guid":{"rendered":"https:\/\/diversibananas.com\/?page_id=15"},"modified":"2025-10-14T12:42:45","modified_gmt":"2025-10-14T12:42:45","slug":"about-us","status":"publish","type":"page","link":"https:\/\/diversibananas.com\/es\/about-us\/","title":{"rendered":"About us"},"content":{"rendered":"<div class=\"wp-block-cover alignfull\" style=\"padding-top:2%;min-height:733px;aspect-ratio:unset;\"><img loading=\"lazy\" decoding=\"async\" width=\"1280\" height=\"960\" class=\"wp-block-cover__image-background wp-image-551\" alt=\"\" src=\"https:\/\/diversibananas.com\/wp-content\/uploads\/2024\/07\/WhatsApp-Image-2024-07-16-at-20.16.45-1.jpeg\" style=\"object-position:52% 33%\" data-object-fit=\"cover\" data-object-position=\"52% 33%\" srcset=\"https:\/\/diversibananas.com\/wp-content\/uploads\/2024\/07\/WhatsApp-Image-2024-07-16-at-20.16.45-1.jpeg 1280w, https:\/\/diversibananas.com\/wp-content\/uploads\/2024\/07\/WhatsApp-Image-2024-07-16-at-20.16.45-1-300x225.jpeg 300w, https:\/\/diversibananas.com\/wp-content\/uploads\/2024\/07\/WhatsApp-Image-2024-07-16-at-20.16.45-1-1024x768.jpeg 1024w, https:\/\/diversibananas.com\/wp-content\/uploads\/2024\/07\/WhatsApp-Image-2024-07-16-at-20.16.45-1-768x576.jpeg 768w, https:\/\/diversibananas.com\/wp-content\/uploads\/2024\/07\/WhatsApp-Image-2024-07-16-at-20.16.45-1-16x12.jpeg 16w\" sizes=\"auto, (max-width: 1280px) 100vw, 1280px\" \/><span aria-hidden=\"true\" class=\"wp-block-cover__background has-background-dim-10 has-background-dim\" style=\"background-color:#279242\"><\/span><div class=\"wp-block-cover__inner-container has-global-padding is-layout-constrained wp-container-core-cover-is-layout-ee51f2d2 wp-block-cover-is-layout-constrained\">\n<div class=\"wp-block-group alignwide is-vertical is-content-justification-center is-layout-flex wp-container-core-group-is-layout-5e763914 wp-block-group-is-layout-flex\" style=\"min-height:8rem\">\n<div class=\"wp-block-group has-global-padding is-layout-constrained wp-container-core-group-is-layout-bea02a06 wp-block-group-is-layout-constrained\">\n<h2 class=\"wp-block-heading has-text-align-center has-text-color\" style=\"color:#ffffff;margin-top:0rem;margin-bottom:1.01rem;font-size:clamp(2.066rem, 2.066rem + ((1vw - 0.2rem) * 2.971), 3.7rem);font-style:normal;font-weight:400;line-height:1;text-transform:capitalize\">Bienestar Exquisito Y De Alta Calidad<\/h2>\n<\/div>\n<\/div>\n<\/div><\/div>\n\n\n\n<section class=\"wp-block-group alignfull has-text-color has-background has-global-padding is-layout-constrained wp-container-core-group-is-layout-4252d6ba wp-block-group-is-layout-constrained\" style=\"color:#03081e;background-color:#fefefe;margin-top:0px;padding-top:6.51rem;padding-right:1rem;padding-bottom:5.5rem;padding-left:1rem;font-size:clamp(0.875rem, 0.875rem + ((1vw - 0.2rem) * 0.464), 1.13rem);font-style:normal;font-weight:400;line-height:1.4;background-image:url(&apos;https:\/\/diversibananas.com\/wp-content\/uploads\/2024\/07\/Screenshot-2024-07-10-at-15.49.30.png&apos;);background-size:cover;\">\n<div class=\"wp-block-columns is-layout-flex wp-container-core-columns-is-layout-db2df21c wp-block-columns-is-layout-flex\" style=\"margin-bottom:0px\">\n<div class=\"wp-block-column is-vertically-aligned-center has-global-padding is-content-justification-left is-layout-constrained wp-container-core-column-is-layout-12dd3699 wp-block-column-is-layout-constrained\" style=\"flex-basis:50%\">\n<figure class=\"wp-block-image size-full is-resized has-custom-border\"><img loading=\"lazy\" decoding=\"async\" width=\"960\" height=\"1280\" src=\"https:\/\/diversibananas.com\/wp-content\/uploads\/2024\/07\/34eea2c1-8a76-4d17-8c5e-2088c7754b8a.jpg\" alt=\"\" class=\"wp-image-623\" style=\"border-style:none;border-width:0px;border-radius:8px;aspect-ratio:4\/3;object-fit:cover;width:553px;height:auto\" srcset=\"https:\/\/diversibananas.com\/wp-content\/uploads\/2024\/07\/34eea2c1-8a76-4d17-8c5e-2088c7754b8a.jpg 960w, https:\/\/diversibananas.com\/wp-content\/uploads\/2024\/07\/34eea2c1-8a76-4d17-8c5e-2088c7754b8a-225x300.jpg 225w, https:\/\/diversibananas.com\/wp-content\/uploads\/2024\/07\/34eea2c1-8a76-4d17-8c5e-2088c7754b8a-768x1024.jpg 768w, https:\/\/diversibananas.com\/wp-content\/uploads\/2024\/07\/34eea2c1-8a76-4d17-8c5e-2088c7754b8a-9x12.jpg 9w\" sizes=\"auto, (max-width: 960px) 100vw, 960px\" \/><\/figure>\n<\/div>\n\n\n\n<div class=\"wp-block-column is-layout-flow wp-block-column-is-layout-flow\">\n<div class=\"wp-block-group is-nowrap is-layout-flex wp-container-core-group-is-layout-3f7ca830 wp-block-group-is-layout-flex\" style=\"border-style:none;border-width:0px;border-radius:18px;min-height:100%\">\n<div class=\"wp-block-group has-global-padding is-content-justification-center is-layout-constrained wp-container-core-group-is-layout-b15c80d6 wp-block-group-is-layout-constrained\">\n<h3 class=\"wp-block-heading has-text-align-center has-text-color\" style=\"color:#07277c;margin-top:0.5rem;margin-bottom:1.01rem;font-size:clamp(1.092rem, 1.092rem + ((1vw - 0.2rem) * 1.105), 1.7rem);font-style:normal;font-weight:500;letter-spacing:0px;line-height:1.3;text-transform:capitalize\">La Historia de Diversibananas<\/h3>\n\n\n\n<p class=\"has-text-align-center\">En la d\u00e9cada de 1950, la marchitez por Fusarium devast\u00f3 las plantaciones de Gros Michel, obligando a la industria a reemplazar esta legendaria variedad con Cavendish.<\/p>\n\n\n\n<p class=\"has-text-align-center\">Hoy, la historia se repite: Cavendish se enfrenta a la misma amenaza.<\/p>\n\n\n\n<p class=\"has-text-align-center\">Nuestra investigaci\u00f3n en Guatemala revel\u00f3 una verdad sorprendente: el banano Gros Michel a\u00fan prospera en las tierras altas del pa\u00eds cuando se cultiva en ecosistemas diversificados, similares a bosques, junto con caf\u00e9, cacao y otros cultivos. Estos sistemas naturales preservan la biodiversidad del suelo y permiten que los bananos crezcan con un uso m\u00ednimo de productos qu\u00edmicos o fertilizantes sint\u00e9ticos.<\/p>\n<\/div>\n<\/div>\n<\/div>\n<\/div>\n<\/section>\n\n\n\n<section class=\"wp-block-group alignfull has-text-color has-global-padding is-content-justification-center is-layout-constrained wp-container-core-group-is-layout-cd746791 wp-block-group-is-layout-constrained has-background\" style=\"color:#03081e;margin-top:0px;padding-top:0rem;padding-right:1rem;padding-bottom:5.5rem;padding-left:1rem;font-size:clamp(0.875rem, 0.875rem + ((1vw - 0.2rem) * 0.464), 1.13rem);font-style:normal;font-weight:400;line-height:1.4;background-image:url(&apos;https:\/\/diversibananas.com\/wp-content\/uploads\/2024\/07\/Screenshot-2024-07-10-at-15.49.03.png&apos;);background-size:cover;\">\n<div class=\"wp-block-columns is-layout-flex wp-container-core-columns-is-layout-db2df21c wp-block-columns-is-layout-flex\" style=\"margin-bottom:0px\">\n<div class=\"wp-block-column is-layout-flow wp-block-column-is-layout-flow\">\n<div class=\"wp-block-group is-horizontal is-content-justification-left is-layout-flex wp-container-core-group-is-layout-3230d383 wp-block-group-is-layout-flex\" style=\"border-style:none;border-width:0px;border-radius:18px;min-height:100%;margin-top:0;margin-bottom:0;padding-top:0;padding-right:0;padding-bottom:0;padding-left:0\">\n<div class=\"wp-block-group has-global-padding is-content-justification-center is-layout-constrained wp-container-core-group-is-layout-b15c80d6 wp-block-group-is-layout-constrained\">\n<p class=\"has-text-align-center has-text-color\" style=\"color:#07277c;margin-top:0.5rem;margin-bottom:1.01rem;font-size:clamp(0.929rem, 0.929rem + ((1vw - 0.2rem) * 0.856), 1.4rem);font-style:normal;font-weight:500;letter-spacing:0px;line-height:1.3;text-transform:capitalize\">Diversibananas se cre\u00f3 para revitalizar la variedad Gros Michel y empoderar a los productores a trav\u00e9s de un modelo de agricultura resiliente y ecol\u00f3gica, devolviendo al mundo un banano de sabor, tradici\u00f3n y beneficios para la salud inigualables.<\/p>\n<\/div>\n<\/div>\n<\/div>\n\n\n\n<div class=\"wp-block-column is-vertically-aligned-center has-global-padding is-content-justification-center is-layout-constrained wp-block-column-is-layout-constrained\" style=\"flex-basis:50%\">\n<figure class=\"is-style-default wp-block-image size-full is-resized has-custom-border\"><img loading=\"lazy\" decoding=\"async\" width=\"960\" height=\"887\" src=\"https:\/\/diversibananas.com\/wp-content\/uploads\/2024\/09\/ad2a5e07-a7b9-43b0-917c-eed04420aa07-e1725262228926.jpg\" alt=\"\" class=\"wp-image-677\" style=\"border-style:none;border-width:0px;border-radius:8px;aspect-ratio:1;object-fit:cover;width:535px;height:auto\" srcset=\"https:\/\/diversibananas.com\/wp-content\/uploads\/2024\/09\/ad2a5e07-a7b9-43b0-917c-eed04420aa07-e1725262228926.jpg 960w, https:\/\/diversibananas.com\/wp-content\/uploads\/2024\/09\/ad2a5e07-a7b9-43b0-917c-eed04420aa07-e1725262228926-300x277.jpg 300w, https:\/\/diversibananas.com\/wp-content\/uploads\/2024\/09\/ad2a5e07-a7b9-43b0-917c-eed04420aa07-e1725262228926-768x710.jpg 768w, https:\/\/diversibananas.com\/wp-content\/uploads\/2024\/09\/ad2a5e07-a7b9-43b0-917c-eed04420aa07-e1725262228926-13x12.jpg 13w\" sizes=\"auto, (max-width: 960px) 100vw, 960px\" \/><\/figure>\n<\/div>\n<\/div>\n<\/section>\n\n\n\n<section class=\"wp-block-group alignfull has-text-color has-background has-global-padding is-layout-constrained wp-container-core-group-is-layout-38d43b13 wp-block-group-is-layout-constrained\" style=\"color:#03081e;background-color:#ffffff;margin-top:0px;padding-top:0rem;padding-right:1rem;padding-bottom:5.5rem;padding-left:1rem;font-size:clamp(0.875rem, 0.875rem + ((1vw - 0.2rem) * 0.464), 1.13rem);font-style:normal;font-weight:400;line-height:1.4;background-image:url(&apos;https:\/\/diversibananas.com\/wp-content\/uploads\/2024\/07\/Screenshot-2024-07-10-at-15.53.11.png&apos;);background-size:cover;\">\n<div class=\"wp-block-columns is-layout-flex wp-container-core-columns-is-layout-db2df21c wp-block-columns-is-layout-flex\" style=\"margin-bottom:0px\">\n<div class=\"wp-block-column is-vertically-aligned-center has-global-padding is-content-justification-left is-layout-constrained wp-container-core-column-is-layout-12dd3699 wp-block-column-is-layout-constrained\" style=\"flex-basis:50%\">\n<figure class=\"wp-block-image aligncenter size-full is-resized has-custom-border\"><img loading=\"lazy\" decoding=\"async\" width=\"880\" height=\"737\" src=\"https:\/\/diversibananas.com\/wp-content\/uploads\/2024\/06\/Screenshot-2024-06-15-at-11.30.01.png\" alt=\"\" class=\"wp-image-63\" style=\"border-style:none;border-width:0px;border-radius:8px;aspect-ratio:1;object-fit:cover;width:520px\" srcset=\"https:\/\/diversibananas.com\/wp-content\/uploads\/2024\/06\/Screenshot-2024-06-15-at-11.30.01.png 880w, https:\/\/diversibananas.com\/wp-content\/uploads\/2024\/06\/Screenshot-2024-06-15-at-11.30.01-300x251.png 300w, https:\/\/diversibananas.com\/wp-content\/uploads\/2024\/06\/Screenshot-2024-06-15-at-11.30.01-768x643.png 768w\" sizes=\"auto, (max-width: 880px) 100vw, 880px\" \/><\/figure>\n<\/div>\n\n\n\n<div class=\"wp-block-column is-layout-flow wp-block-column-is-layout-flow\">\n<div class=\"wp-block-group is-nowrap is-layout-flex wp-container-core-group-is-layout-3f7ca830 wp-block-group-is-layout-flex\" style=\"border-style:none;border-width:0px;border-radius:18px;min-height:100%\">\n<div class=\"wp-block-group has-global-padding is-content-justification-center is-layout-constrained wp-container-core-group-is-layout-b15c80d6 wp-block-group-is-layout-constrained\">\n<h3 class=\"wp-block-heading has-text-align-center has-text-color\" style=\"color:#07277c;margin-top:0.5rem;margin-bottom:1.01rem;font-size:clamp(1.044rem, 1.044rem + ((1vw - 0.2rem) * 1.029), 1.61rem);font-style:normal;font-weight:500;letter-spacing:0px;line-height:1.3;text-transform:capitalize\">Nuestro Equipo<\/h3>\n\n\n\n<ul class=\"wp-block-list\">\n<li class=\"translation-block\"><strong>Eduardo Solares:<\/strong> Emprendedor dedicado al avance de la agricultura sostenible.<\/li>\n\n\n\n<li class=\"translation-block\"><strong>David Chinchilla<\/strong>: Graduado de Zamorano con experiencia operativa global en tres continentes.<\/li>\n\n\n\n<li class=\"translation-block\"><strong>Benjamin Paz<\/strong>: Ejecutivo de productos frescos, ex l\u00edder en Dole y Chiquita.<\/li>\n\n\n\n<li class=\"translation-block\"><strong>David Martinez:<\/strong> Graduado de Zamorano con experiencia en bananos y otros cultivos frescos.<\/li>\n\n\n\n<li class=\"translation-block\"><strong>Grupo Cob\u00e1n:<\/strong>Una de las empresas agr\u00edcolas m\u00e1s diversificadas de Guatemala que aporta fuertes sinergias para el abastecimiento de bananos Gros Michel.<\/li>\n<\/ul>\n\n\n\n<p class=\"\">Juntos, aunamos experiencia, innovaci\u00f3n y pasi\u00f3n para reintroducir el legendario banano Gros Michel mediante una agricultura sostenible y resiliente.<\/p>\n<\/div>\n<\/div>\n<\/div>\n<\/div>\n<\/section>\n\n\n\n<section class=\"wp-block-cover alignfull is-light\" style=\"margin-top:0px;min-height:424px;aspect-ratio:unset;\"><img loading=\"lazy\" decoding=\"async\" width=\"1920\" height=\"1280\" class=\"wp-block-cover__image-background wp-image-34\" alt=\"\" src=\"https:\/\/diversibananas.com\/wp-content\/uploads\/2024\/06\/banana-tree-leaf-2448877_1920-1.jpg\" data-object-fit=\"cover\" srcset=\"https:\/\/diversibananas.com\/wp-content\/uploads\/2024\/06\/banana-tree-leaf-2448877_1920-1.jpg 1920w, https:\/\/diversibananas.com\/wp-content\/uploads\/2024\/06\/banana-tree-leaf-2448877_1920-1-300x200.jpg 300w, https:\/\/diversibananas.com\/wp-content\/uploads\/2024\/06\/banana-tree-leaf-2448877_1920-1-1024x683.jpg 1024w, https:\/\/diversibananas.com\/wp-content\/uploads\/2024\/06\/banana-tree-leaf-2448877_1920-1-768x512.jpg 768w, https:\/\/diversibananas.com\/wp-content\/uploads\/2024\/06\/banana-tree-leaf-2448877_1920-1-1536x1024.jpg 1536w\" sizes=\"auto, (max-width: 1920px) 100vw, 1920px\" \/><span aria-hidden=\"true\" class=\"wp-block-cover__background has-background-dim-40 has-background-dim\" style=\"background-color:#859647\"><\/span><div class=\"wp-block-cover__inner-container has-global-padding is-layout-constrained wp-container-core-cover-is-layout-d9a2ebe3 wp-block-cover-is-layout-constrained\">\n<div class=\"wp-block-group alignfull has-text-color has-global-padding is-layout-constrained wp-container-core-group-is-layout-6f61d7e7 wp-block-group-is-layout-constrained\" style=\"color:#252525;margin-top:0px;padding-top:0rem;padding-right:1rem;padding-bottom:0rem;padding-left:1rem;font-size:clamp(0.875rem, 0.875rem + ((1vw - 0.2rem) * 0.464), 1.13rem);font-style:normal;font-weight:400;line-height:1.4\">\n<div class=\"wp-block-group is-vertical is-content-justification-center is-layout-flex wp-container-core-group-is-layout-b6c1f246 wp-block-group-is-layout-flex\">\n<div class=\"wp-block-group has-global-padding is-layout-constrained wp-container-core-group-is-layout-a099c240 wp-block-group-is-layout-constrained\">\n<h2 class=\"wp-block-heading has-text-align-center has-text-color\" style=\"color:#f7f7f7;margin-bottom:1.11rem;font-size:clamp(1.556rem, 1.556rem + ((1vw - 0.2rem) * 1.916), 2.61rem);font-style:normal;font-weight:500;line-height:1.2;text-transform:capitalize\">Cont\u00e1ctenos<\/h2>\n\n\n\n<p class=\"has-text-align-center has-text-color\" style=\"color:#fefeff;margin-top:0rem;font-size:clamp(0.875rem, 0.875rem + ((1vw - 0.2rem) * 0.427), 1.11rem);font-style:normal;font-weight:400;line-height:1.6\">Pedir informaci\u00f3n<\/p>\n\n\n\n<div class=\"wp-block-group is-vertical is-content-justification-stretch is-layout-flex wp-container-core-group-is-layout-be82aac6 wp-block-group-is-layout-flex\" style=\"margin-top:0rem;padding-right:0px;padding-left:0px\">\n<div class=\"wp-block-group has-global-padding is-content-justification-center is-layout-constrained wp-container-core-group-is-layout-0638dde4 wp-block-group-is-layout-constrained\" style=\"margin-top:0px\">\n<div class=\"wp-block-buttons is-horizontal is-content-justification-right is-layout-flex wp-container-core-buttons-is-layout-1b0e492f wp-block-buttons-is-layout-flex\" style=\"margin-top:2.21rem\">\n<div class=\"is-style-fill wp-block-button has-custom-width wp-block-button__width-100\"><a class=\"wp-block-button__link has-text-color has-background has-border-color has-custom-font-size wp-element-button\" style=\"border-color:#041d55;border-style:solid;border-width:1px;border-radius:2.5rem;color:#07277c;background-color:#ffffff;padding-top:1.1rem;padding-right:0.81rem;padding-bottom:1.1rem;padding-left:0.81rem;font-size:clamp(0.875rem, 0.875rem + ((1vw - 0.2rem) * 0.609), 1.21rem);font-style:normal;font-weight:400;line-height:1;text-transform:capitalize\">Solicitar Ahora<\/a><\/div>\n<\/div>\n<\/div>\n<\/div>\n<\/div>\n<\/div>\n<\/div>\n<\/div><\/section>","protected":false},"excerpt":{"rendered":"<p>The Diversibananas Story In the 1950s, Fusarium wilt devastated Gros Michel plantations, forcing the industry to replace this legendary variety with Cavendish. Today, history repeats itself\u2014Cavendish faces the same threat. Our research in Guatemala revealed a remarkable truth: Gros Michel still thrives in the country\u2019s highlands when grown in forest-like, diversified ecosystems alongside coffee, cacao, [&hellip;]<\/p>\n","protected":false},"author":2,"featured_media":0,"parent":0,"menu_order":0,"comment_status":"closed","ping_status":"closed","template":"","meta":{"nf_dc_page":"","footnotes":""},"class_list":["post-15","page","type-page","status-publish","hentry"],"yoast_head":"<!-- This site is optimized with the Yoast SEO plugin v27.4 - https:\/\/yoast.com\/product\/yoast-seo-wordpress\/ -->\n<title>Diversibananas - Learn More About Us<\/title>\n<meta name=\"description\" content=\"We Are A Team Of Experts Embarking On An Adventure To Bring Back Gros Michel Bananas to the World While Practicing Sustainable Agriculture.\" \/>\n<meta name=\"robots\" content=\"index, follow, max-snippet:-1, max-image-preview:large, max-video-preview:-1\" \/>\n<link rel=\"canonical\" href=\"https:\/\/diversibananas.com\/es\/about-us\/\" \/>\n<meta property=\"og:locale\" content=\"es_ES\" \/>\n<meta property=\"og:type\" content=\"article\" \/>\n<meta property=\"og:title\" content=\"Diversibananas - Learn More About Us\" \/>\n<meta property=\"og:description\" content=\"We Are A Team Of Experts Embarking On An Adventure To Bring Back Gros Michel Bananas to the World While Practicing Sustainable Agriculture.\" \/>\n<meta property=\"og:url\" content=\"https:\/\/diversibananas.com\/es\/about-us\/\" \/>\n<meta property=\"og:site_name\" content=\"Diversibananas\" \/>\n<meta property=\"article:modified_time\" content=\"2025-10-14T12:42:45+00:00\" \/>\n<meta property=\"og:image\" content=\"https:\/\/diversibananas.com\/wp-content\/uploads\/2024\/07\/WhatsApp-Image-2024-07-16-at-20.16.45-1.jpeg\" \/>\n\t<meta property=\"og:image:width\" content=\"1280\" \/>\n\t<meta property=\"og:image:height\" content=\"960\" \/>\n\t<meta property=\"og:image:type\" content=\"image\/jpeg\" \/>\n<meta name=\"twitter:card\" content=\"summary_large_image\" \/>\n<meta name=\"twitter:label1\" content=\"Est. reading time\" \/>\n\t<meta name=\"twitter:data1\" content=\"2 minutos\" \/>\n<script type=\"application\/ld+json\" class=\"yoast-schema-graph\">{\"@context\":\"https:\\\/\\\/schema.org\",\"@graph\":[{\"@type\":\"WebPage\",\"@id\":\"https:\\\/\\\/diversibananas.com\\\/about-us\\\/\",\"url\":\"https:\\\/\\\/diversibananas.com\\\/about-us\\\/\",\"name\":\"Diversibananas - Learn More About Us\",\"isPartOf\":{\"@id\":\"https:\\\/\\\/diversibananas.com\\\/#website\"},\"primaryImageOfPage\":{\"@id\":\"https:\\\/\\\/diversibananas.com\\\/about-us\\\/#primaryimage\"},\"image\":{\"@id\":\"https:\\\/\\\/diversibananas.com\\\/about-us\\\/#primaryimage\"},\"thumbnailUrl\":\"https:\\\/\\\/diversibananas.com\\\/wp-content\\\/uploads\\\/2024\\\/07\\\/WhatsApp-Image-2024-07-16-at-20.16.45-1.jpeg\",\"datePublished\":\"2024-06-13T08:21:55+00:00\",\"dateModified\":\"2025-10-14T12:42:45+00:00\",\"description\":\"We Are A Team Of Experts Embarking On An Adventure To Bring Back Gros Michel Bananas to the World While Practicing Sustainable Agriculture.\",\"breadcrumb\":{\"@id\":\"https:\\\/\\\/diversibananas.com\\\/about-us\\\/#breadcrumb\"},\"inLanguage\":\"es\",\"potentialAction\":[{\"@type\":\"ReadAction\",\"target\":[\"https:\\\/\\\/diversibananas.com\\\/about-us\\\/\"]}]},{\"@type\":\"ImageObject\",\"inLanguage\":\"es\",\"@id\":\"https:\\\/\\\/diversibananas.com\\\/about-us\\\/#primaryimage\",\"url\":\"https:\\\/\\\/diversibananas.com\\\/wp-content\\\/uploads\\\/2024\\\/07\\\/WhatsApp-Image-2024-07-16-at-20.16.45-1.jpeg\",\"contentUrl\":\"https:\\\/\\\/diversibananas.com\\\/wp-content\\\/uploads\\\/2024\\\/07\\\/WhatsApp-Image-2024-07-16-at-20.16.45-1.jpeg\"},{\"@type\":\"BreadcrumbList\",\"@id\":\"https:\\\/\\\/diversibananas.com\\\/about-us\\\/#breadcrumb\",\"itemListElement\":[{\"@type\":\"ListItem\",\"position\":1,\"name\":\"Home\",\"item\":\"https:\\\/\\\/diversibananas.com\\\/\"},{\"@type\":\"ListItem\",\"position\":2,\"name\":\"About us\"}]},{\"@type\":\"WebSite\",\"@id\":\"https:\\\/\\\/diversibananas.com\\\/#website\",\"url\":\"https:\\\/\\\/diversibananas.com\\\/\",\"name\":\"Diversibananas\",\"description\":\"Gros Michel Bananas\",\"publisher\":{\"@id\":\"https:\\\/\\\/diversibananas.com\\\/#organization\"},\"potentialAction\":[{\"@type\":\"SearchAction\",\"target\":{\"@type\":\"EntryPoint\",\"urlTemplate\":\"https:\\\/\\\/diversibananas.com\\\/?s={search_term_string}\"},\"query-input\":{\"@type\":\"PropertyValueSpecification\",\"valueRequired\":true,\"valueName\":\"search_term_string\"}}],\"inLanguage\":\"es\"},{\"@type\":\"Organization\",\"@id\":\"https:\\\/\\\/diversibananas.com\\\/#organization\",\"name\":\"Diversibananas Guatemala\",\"url\":\"https:\\\/\\\/diversibananas.com\\\/\",\"logo\":{\"@type\":\"ImageObject\",\"inLanguage\":\"es\",\"@id\":\"https:\\\/\\\/diversibananas.com\\\/#\\\/schema\\\/logo\\\/image\\\/\",\"url\":\"https:\\\/\\\/diversibananas.com\\\/wp-content\\\/uploads\\\/2025\\\/03\\\/Diversibananas-Logo-LM-1.png\",\"contentUrl\":\"https:\\\/\\\/diversibananas.com\\\/wp-content\\\/uploads\\\/2025\\\/03\\\/Diversibananas-Logo-LM-1.png\",\"width\":627,\"height\":622,\"caption\":\"Diversibananas Guatemala\"},\"image\":{\"@id\":\"https:\\\/\\\/diversibananas.com\\\/#\\\/schema\\\/logo\\\/image\\\/\"}}]}<\/script>\n<!-- \/ Yoast SEO plugin. -->","yoast_head_json":{"title":"Diversibananas - Learn More About Us","description":"We Are A Team Of Experts Embarking On An Adventure To Bring Back Gros Michel Bananas to the World While Practicing Sustainable Agriculture.","robots":{"index":"index","follow":"follow","max-snippet":"max-snippet:-1","max-image-preview":"max-image-preview:large","max-video-preview":"max-video-preview:-1"},"canonical":"https:\/\/diversibananas.com\/es\/about-us\/","og_locale":"es_ES","og_type":"article","og_title":"Diversibananas - Learn More About Us","og_description":"We Are A Team Of Experts Embarking On An Adventure To Bring Back Gros Michel Bananas to the World While Practicing Sustainable Agriculture.","og_url":"https:\/\/diversibananas.com\/es\/about-us\/","og_site_name":"Diversibananas","article_modified_time":"2025-10-14T12:42:45+00:00","og_image":[{"width":1280,"height":960,"url":"https:\/\/diversibananas.com\/wp-content\/uploads\/2024\/07\/WhatsApp-Image-2024-07-16-at-20.16.45-1.jpeg","type":"image\/jpeg"}],"twitter_card":"summary_large_image","twitter_misc":{"Est. reading time":"2 minutos"},"schema":{"@context":"https:\/\/schema.org","@graph":[{"@type":"WebPage","@id":"https:\/\/diversibananas.com\/about-us\/","url":"https:\/\/diversibananas.com\/about-us\/","name":"Diversibananas - Learn More About Us","isPartOf":{"@id":"https:\/\/diversibananas.com\/#website"},"primaryImageOfPage":{"@id":"https:\/\/diversibananas.com\/about-us\/#primaryimage"},"image":{"@id":"https:\/\/diversibananas.com\/about-us\/#primaryimage"},"thumbnailUrl":"https:\/\/diversibananas.com\/wp-content\/uploads\/2024\/07\/WhatsApp-Image-2024-07-16-at-20.16.45-1.jpeg","datePublished":"2024-06-13T08:21:55+00:00","dateModified":"2025-10-14T12:42:45+00:00","description":"We Are A Team Of Experts Embarking On An Adventure To Bring Back Gros Michel Bananas to the World While Practicing Sustainable Agriculture.","breadcrumb":{"@id":"https:\/\/diversibananas.com\/about-us\/#breadcrumb"},"inLanguage":"es","potentialAction":[{"@type":"ReadAction","target":["https:\/\/diversibananas.com\/about-us\/"]}]},{"@type":"ImageObject","inLanguage":"es","@id":"https:\/\/diversibananas.com\/about-us\/#primaryimage","url":"https:\/\/diversibananas.com\/wp-content\/uploads\/2024\/07\/WhatsApp-Image-2024-07-16-at-20.16.45-1.jpeg","contentUrl":"https:\/\/diversibananas.com\/wp-content\/uploads\/2024\/07\/WhatsApp-Image-2024-07-16-at-20.16.45-1.jpeg"},{"@type":"BreadcrumbList","@id":"https:\/\/diversibananas.com\/about-us\/#breadcrumb","itemListElement":[{"@type":"ListItem","position":1,"name":"Home","item":"https:\/\/diversibananas.com\/"},{"@type":"ListItem","position":2,"name":"About us"}]},{"@type":"WebSite","@id":"https:\/\/diversibananas.com\/#website","url":"https:\/\/diversibananas.com\/","name":"Diversibananas","description":"Gros Michel Bananas","publisher":{"@id":"https:\/\/diversibananas.com\/#organization"},"potentialAction":[{"@type":"SearchAction","target":{"@type":"EntryPoint","urlTemplate":"https:\/\/diversibananas.com\/?s={search_term_string}"},"query-input":{"@type":"PropertyValueSpecification","valueRequired":true,"valueName":"search_term_string"}}],"inLanguage":"es"},{"@type":"Organization","@id":"https:\/\/diversibananas.com\/#organization","name":"Diversibananas Guatemala","url":"https:\/\/diversibananas.com\/","logo":{"@type":"ImageObject","inLanguage":"es","@id":"https:\/\/diversibananas.com\/#\/schema\/logo\/image\/","url":"https:\/\/diversibananas.com\/wp-content\/uploads\/2025\/03\/Diversibananas-Logo-LM-1.png","contentUrl":"https:\/\/diversibananas.com\/wp-content\/uploads\/2025\/03\/Diversibananas-Logo-LM-1.png","width":627,"height":622,"caption":"Diversibananas Guatemala"},"image":{"@id":"https:\/\/diversibananas.com\/#\/schema\/logo\/image\/"}}]}},"_links":{"self":[{"href":"https:\/\/diversibananas.com\/es\/wp-json\/wp\/v2\/pages\/15","targetHints":{"allow":["GET"]}}],"collection":[{"href":"https:\/\/diversibananas.com\/es\/wp-json\/wp\/v2\/pages"}],"about":[{"href":"https:\/\/diversibananas.com\/es\/wp-json\/wp\/v2\/types\/page"}],"author":[{"embeddable":true,"href":"https:\/\/diversibananas.com\/es\/wp-json\/wp\/v2\/users\/2"}],"replies":[{"embeddable":true,"href":"https:\/\/diversibananas.com\/es\/wp-json\/wp\/v2\/comments?post=15"}],"version-history":[{"count":5,"href":"https:\/\/diversibananas.com\/es\/wp-json\/wp\/v2\/pages\/15\/revisions"}],"predecessor-version":[{"id":880,"href":"https:\/\/diversibananas.com\/es\/wp-json\/wp\/v2\/pages\/15\/revisions\/880"}],"wp:attachment":[{"href":"https:\/\/diversibananas.com\/es\/wp-json\/wp\/v2\/media?parent=15"}],"curies":[{"name":"wp","href":"https:\/\/api.w.org\/{rel}","templated":true}]}}