{"id":21,"date":"2024-06-13T08:24:49","date_gmt":"2024-06-13T08:24:49","guid":{"rendered":"https:\/\/diversibananas.com\/?page_id=21"},"modified":"2025-10-31T11:06:51","modified_gmt":"2025-10-31T11:06:51","slug":"growwithus","status":"publish","type":"page","link":"https:\/\/diversibananas.com\/es\/growwithus\/","title":{"rendered":"Grow with us"},"content":{"rendered":"<div class=\"wp-block-cover alignfull\" style=\"padding-top:2%;min-height:692px;aspect-ratio:unset;\"><img loading=\"lazy\" decoding=\"async\" width=\"1362\" height=\"758\" class=\"wp-block-cover__image-background wp-image-415\" alt=\"\" src=\"https:\/\/diversibananas.com\/wp-content\/uploads\/2024\/06\/Screenshot-2024-06-26-at-13.25.11.png\" data-object-fit=\"cover\" srcset=\"https:\/\/diversibananas.com\/wp-content\/uploads\/2024\/06\/Screenshot-2024-06-26-at-13.25.11.png 1362w, https:\/\/diversibananas.com\/wp-content\/uploads\/2024\/06\/Screenshot-2024-06-26-at-13.25.11-300x167.png 300w, https:\/\/diversibananas.com\/wp-content\/uploads\/2024\/06\/Screenshot-2024-06-26-at-13.25.11-1024x570.png 1024w, https:\/\/diversibananas.com\/wp-content\/uploads\/2024\/06\/Screenshot-2024-06-26-at-13.25.11-768x427.png 768w, https:\/\/diversibananas.com\/wp-content\/uploads\/2024\/06\/Screenshot-2024-06-26-at-13.25.11-18x10.png 18w\" sizes=\"auto, (max-width: 1362px) 100vw, 1362px\" \/><span aria-hidden=\"true\" class=\"wp-block-cover__background has-background-dim-20 has-background-dim\" style=\"background-color:#163a19\"><\/span><div class=\"wp-block-cover__inner-container has-global-padding is-layout-constrained wp-container-core-cover-is-layout-ee51f2d2 wp-block-cover-is-layout-constrained\">\n<div class=\"wp-block-group alignwide is-vertical is-content-justification-center is-layout-flex wp-container-core-group-is-layout-5e763914 wp-block-group-is-layout-flex\" style=\"min-height:8rem\">\n<div class=\"wp-block-group has-global-padding is-layout-constrained wp-container-core-group-is-layout-bea02a06 wp-block-group-is-layout-constrained\">\n<h2 class=\"wp-block-heading has-text-align-center has-text-color\" style=\"color:#ffffff;margin-top:0rem;margin-bottom:1.01rem;font-size:clamp(2.066rem, 2.066rem + ((1vw - 0.2rem) * 2.971), 3.7rem);font-style:normal;font-weight:400;line-height:1;text-transform:none\">\u00bfPor qu\u00e9 Asociarse con Nosotros?<\/h2>\n<\/div>\n<\/div>\n<\/div><\/div>\n\n\n\n<section class=\"wp-block-group alignfull has-text-color has-background has-global-padding is-layout-constrained wp-container-core-group-is-layout-4252d6ba wp-block-group-is-layout-constrained\" style=\"color:#03081e;background-color:#e8f8e4;margin-top:0px;padding-top:6.51rem;padding-right:1rem;padding-bottom:5.5rem;padding-left:1rem;font-size:clamp(0.875rem, 0.875rem + ((1vw - 0.2rem) * 0.464), 1.13rem);font-style:normal;font-weight:400;line-height:1.4;background-image:url(&apos;https:\/\/diversibananas.com\/wp-content\/uploads\/2024\/07\/Screenshot-2024-07-10-at-15.53.11.png&apos;);background-size:cover;\">\n<div class=\"wp-block-columns is-layout-flex wp-container-core-columns-is-layout-db2df21c wp-block-columns-is-layout-flex\" style=\"margin-bottom:0px\">\n<div class=\"wp-block-column is-vertically-aligned-center has-global-padding is-content-justification-left is-layout-constrained wp-container-core-column-is-layout-12dd3699 wp-block-column-is-layout-constrained\" style=\"flex-basis:50%\">\n<figure class=\"wp-block-image aligncenter size-full is-resized has-custom-border\"><img loading=\"lazy\" decoding=\"async\" width=\"1746\" height=\"936\" src=\"https:\/\/diversibananas.com\/wp-content\/uploads\/2024\/06\/Screenshot-2024-06-24-at-10.12.23.png\" alt=\"\" class=\"wp-image-205\" style=\"border-style:none;border-width:0px;border-radius:8px;aspect-ratio:4\/3;object-fit:cover;width:520px\" srcset=\"https:\/\/diversibananas.com\/wp-content\/uploads\/2024\/06\/Screenshot-2024-06-24-at-10.12.23.png 1746w, https:\/\/diversibananas.com\/wp-content\/uploads\/2024\/06\/Screenshot-2024-06-24-at-10.12.23-300x161.png 300w, https:\/\/diversibananas.com\/wp-content\/uploads\/2024\/06\/Screenshot-2024-06-24-at-10.12.23-1024x549.png 1024w, https:\/\/diversibananas.com\/wp-content\/uploads\/2024\/06\/Screenshot-2024-06-24-at-10.12.23-768x412.png 768w, https:\/\/diversibananas.com\/wp-content\/uploads\/2024\/06\/Screenshot-2024-06-24-at-10.12.23-1536x823.png 1536w, https:\/\/diversibananas.com\/wp-content\/uploads\/2024\/06\/Screenshot-2024-06-24-at-10.12.23-18x10.png 18w\" sizes=\"auto, (max-width: 1746px) 100vw, 1746px\" \/><\/figure>\n<\/div>\n\n\n\n<div class=\"wp-block-column is-layout-flow wp-block-column-is-layout-flow\">\n<div class=\"wp-block-group is-vertical is-content-justification-left is-layout-flex wp-container-core-group-is-layout-c5d44cae wp-block-group-is-layout-flex\" style=\"min-height:100%\">\n<div class=\"wp-block-group has-global-padding is-content-justification-center is-layout-constrained wp-container-core-group-is-layout-b15c80d6 wp-block-group-is-layout-constrained\">\n<h3 class=\"wp-block-heading has-text-align-center has-text-color\" style=\"color:#07277c;margin-top:0.5rem;margin-bottom:1.01rem;font-size:clamp(1.044rem, 1.044rem + ((1vw - 0.2rem) * 1.029), 1.61rem);font-style:normal;font-weight:500;letter-spacing:0px;line-height:1.3;text-transform:capitalize\">Ofrecemos m\u00e1s que Bananos<\/h3>\n\n\n\n<p class=\"\">Ofrecemos m\u00e1s que bananos: ofrecemos colaboraci\u00f3n, prop\u00f3sito y un legado renacido.<\/p>\n\n\n\n<ul class=\"wp-block-list\">\n<li class=\"\">Producto Premium \u2013 Bananos Gros Michel cultivados de forma natural con un sabor, textura y vida \u00fatil superiores.<\/li>\n\n\n\n<li class=\"\">Sostenibilidad que Vende: una historia transparente que conecta con los consumidores conscientes de hoy.<\/li>\n\n\n\n<li class=\"\">Suministro Confiable: comunidades de productores estables y resilientes que garantizan una calidad constante durante todo el a\u00f1o.<\/li>\n\n\n\n<li class=\"\">Valores Compartidos: plena alineaci\u00f3n con los objetivos globales de los minoristas en materia de biodiversidad y agricultura regenerativa.<\/li>\n<\/ul>\n<\/div>\n<\/div>\n<\/div>\n<\/div>\n<\/section>\n\n\n\n<section class=\"wp-block-group alignfull has-text-color has-global-padding is-layout-constrained wp-container-core-group-is-layout-2cc852bf wp-block-group-is-layout-constrained has-background\" style=\"color:#03081e;margin-top:0px;padding-top:1rem;padding-right:1rem;padding-bottom:5.5rem;padding-left:1rem;font-size:clamp(0.875rem, 0.875rem + ((1vw - 0.2rem) * 0.464), 1.13rem);font-style:normal;font-weight:400;line-height:1.4;background-image:url(&apos;https:\/\/diversibananas.com\/wp-content\/uploads\/2024\/07\/Screenshot-2024-07-10-at-15.49.03.png&apos;);background-size:cover;\">\n<div class=\"wp-block-columns is-layout-flex wp-container-core-columns-is-layout-db2df21c wp-block-columns-is-layout-flex\" style=\"margin-bottom:0px\">\n<div class=\"wp-block-column is-layout-flow wp-block-column-is-layout-flow\">\n<div class=\"wp-block-group is-vertical is-content-justification-left is-layout-flex wp-container-core-group-is-layout-c5d44cae wp-block-group-is-layout-flex\" style=\"min-height:100%\">\n<div class=\"wp-block-group has-global-padding is-content-justification-center is-layout-constrained wp-container-core-group-is-layout-b15c80d6 wp-block-group-is-layout-constrained\">\n<p class=\"has-text-align-center has-text-color\" style=\"color:#07277c;margin-top:0.5rem;margin-bottom:1.01rem;font-size:clamp(1.044rem, 1.044rem + ((1vw - 0.2rem) * 1.029), 1.61rem);font-style:normal;font-weight:500;letter-spacing:0px;line-height:1.3;text-transform:capitalize\">\u00danete al Emprendimiento<\/p>\n\n\n\n<p class=\"has-text-align-center has-text-color\" style=\"color:#03081e;margin-top:0rem;font-size:clamp(0.875rem, 0.875rem + ((1vw - 0.2rem) * 0.245), 1.01rem);font-style:normal;font-weight:400;line-height:1.6\">Invitamos a socios, minoristas y consumidores a formar parte de esta misi\u00f3n. Al apoyar a Diversibanas, contribuyes a revitalizar una fruta legendaria, a fortalecer a las comunidades agr\u00edcolas y a promover la agricultura sostenible para las futuras generaciones.<\/p>\n<\/div>\n<\/div>\n<\/div>\n\n\n\n<div class=\"wp-block-column is-vertically-aligned-center has-global-padding is-content-justification-left is-layout-constrained wp-container-core-column-is-layout-12dd3699 wp-block-column-is-layout-constrained\" style=\"flex-basis:50%\">\n<figure class=\"wp-block-image aligncenter size-full is-resized has-custom-border\"><img loading=\"lazy\" decoding=\"async\" width=\"1175\" height=\"1030\" src=\"https:\/\/diversibananas.com\/wp-content\/uploads\/2024\/06\/Screenshot-2024-06-15-at-11.28.58-e1760361754821.png\" alt=\"\" class=\"wp-image-62\" style=\"border-style:none;border-width:0px;border-radius:8px;object-fit:cover;width:492px;height:auto\" srcset=\"https:\/\/diversibananas.com\/wp-content\/uploads\/2024\/06\/Screenshot-2024-06-15-at-11.28.58-e1760361754821.png 1175w, https:\/\/diversibananas.com\/wp-content\/uploads\/2024\/06\/Screenshot-2024-06-15-at-11.28.58-e1760361754821-300x263.png 300w, https:\/\/diversibananas.com\/wp-content\/uploads\/2024\/06\/Screenshot-2024-06-15-at-11.28.58-e1760361754821-1024x898.png 1024w, https:\/\/diversibananas.com\/wp-content\/uploads\/2024\/06\/Screenshot-2024-06-15-at-11.28.58-e1760361754821-768x673.png 768w, https:\/\/diversibananas.com\/wp-content\/uploads\/2024\/06\/Screenshot-2024-06-15-at-11.28.58-e1760361754821-14x12.png 14w\" sizes=\"auto, (max-width: 1175px) 100vw, 1175px\" \/><\/figure>\n<\/div>\n<\/div>\n<\/section>\n\n\n\n<section class=\"wp-block-group alignfull has-text-color has-global-padding is-layout-constrained wp-container-core-group-is-layout-3e1ccf7d wp-block-group-is-layout-constrained has-background\" style=\"color:#03081e;margin-top:0px;padding-top:0;padding-right:var(--wp--preset--spacing--40);padding-bottom:5.5rem;padding-left:var(--wp--preset--spacing--40);font-size:clamp(0.875rem, 0.875rem + ((1vw - 0.2rem) * 0.464), 1.13rem);font-style:normal;font-weight:400;line-height:1.4;background-image:url(&apos;https:\/\/diversibananas.com\/wp-content\/uploads\/2024\/07\/Screenshot-2024-07-10-at-15.53.11.png&apos;);background-size:cover;\">\n<div class=\"wp-block-columns is-layout-flex wp-container-core-columns-is-layout-db2df21c wp-block-columns-is-layout-flex\" style=\"margin-bottom:0px\">\n<div class=\"wp-block-column is-layout-flow wp-block-column-is-layout-flow\">\n<div class=\"wp-block-columns is-layout-flex wp-container-core-columns-is-layout-28f84493 wp-block-columns-is-layout-flex\">\n<div class=\"wp-block-column is-layout-flow wp-block-column-is-layout-flow\" style=\"flex-basis:100%\">\n<h2 class=\"wp-block-heading has-text-align-center has-text-color\" style=\"color:#07277c;font-size:clamp(1.044rem, 1.044rem + ((1vw - 0.2rem) * 1.029), 1.61rem);\"><br><strong>Juntos, devolvamos Big Mike al mundo.<\/strong><\/h2>\n<\/div>\n<\/div>\n\n\n\n<figure class=\"wp-block-image aligncenter size-large is-resized has-custom-border\"><img loading=\"lazy\" decoding=\"async\" width=\"1024\" height=\"576\" src=\"https:\/\/diversibananas.com\/wp-content\/uploads\/2025\/10\/Mapa-Diversibananas-1024x576.jpg\" alt=\"\" class=\"wp-image-882\" style=\"border-width:2px;border-radius:8px;width:738px;height:auto\" srcset=\"https:\/\/diversibananas.com\/wp-content\/uploads\/2025\/10\/Mapa-Diversibananas-1024x576.jpg 1024w, https:\/\/diversibananas.com\/wp-content\/uploads\/2025\/10\/Mapa-Diversibananas-300x169.jpg 300w, https:\/\/diversibananas.com\/wp-content\/uploads\/2025\/10\/Mapa-Diversibananas-768x432.jpg 768w, https:\/\/diversibananas.com\/wp-content\/uploads\/2025\/10\/Mapa-Diversibananas-1536x864.jpg 1536w, https:\/\/diversibananas.com\/wp-content\/uploads\/2025\/10\/Mapa-Diversibananas-18x10.jpg 18w, https:\/\/diversibananas.com\/wp-content\/uploads\/2025\/10\/Mapa-Diversibananas.jpg 1920w\" sizes=\"auto, (max-width: 1024px) 100vw, 1024px\" \/><\/figure>\n<\/div>\n<\/div>\n<\/section>\n\n\n\n<section class=\"wp-block-cover alignfull is-light\" style=\"margin-top:0px;min-height:458px;aspect-ratio:unset;\"><img loading=\"lazy\" decoding=\"async\" width=\"1920\" height=\"1280\" class=\"wp-block-cover__image-background wp-image-34\" alt=\"\" src=\"https:\/\/diversibananas.com\/wp-content\/uploads\/2024\/06\/banana-tree-leaf-2448877_1920-1.jpg\" data-object-fit=\"cover\" srcset=\"https:\/\/diversibananas.com\/wp-content\/uploads\/2024\/06\/banana-tree-leaf-2448877_1920-1.jpg 1920w, https:\/\/diversibananas.com\/wp-content\/uploads\/2024\/06\/banana-tree-leaf-2448877_1920-1-300x200.jpg 300w, https:\/\/diversibananas.com\/wp-content\/uploads\/2024\/06\/banana-tree-leaf-2448877_1920-1-1024x683.jpg 1024w, https:\/\/diversibananas.com\/wp-content\/uploads\/2024\/06\/banana-tree-leaf-2448877_1920-1-768x512.jpg 768w, https:\/\/diversibananas.com\/wp-content\/uploads\/2024\/06\/banana-tree-leaf-2448877_1920-1-1536x1024.jpg 1536w\" sizes=\"auto, (max-width: 1920px) 100vw, 1920px\" \/><span aria-hidden=\"true\" class=\"wp-block-cover__background has-background-dim\" style=\"background-color:#94ac40\"><\/span><div class=\"wp-block-cover__inner-container has-global-padding is-layout-constrained wp-container-core-cover-is-layout-d9a2ebe3 wp-block-cover-is-layout-constrained\">\n<div class=\"wp-block-group alignfull has-text-color has-global-padding is-layout-constrained wp-container-core-group-is-layout-6f61d7e7 wp-block-group-is-layout-constrained\" style=\"color:#252525;margin-top:0px;padding-top:0rem;padding-right:1rem;padding-bottom:0rem;padding-left:1rem;font-size:clamp(0.875rem, 0.875rem + ((1vw - 0.2rem) * 0.464), 1.13rem);font-style:normal;font-weight:400;line-height:1.4\">\n<div class=\"wp-block-group is-vertical is-content-justification-center is-layout-flex wp-container-core-group-is-layout-b6c1f246 wp-block-group-is-layout-flex\">\n<div class=\"wp-block-group has-global-padding is-layout-constrained wp-container-core-group-is-layout-a099c240 wp-block-group-is-layout-constrained\">\n<h2 class=\"wp-block-heading has-text-align-center has-text-color\" style=\"color:#ffffff;margin-bottom:1.11rem;font-size:clamp(1.556rem, 1.556rem + ((1vw - 0.2rem) * 1.916), 2.61rem);font-style:normal;font-weight:500;line-height:1.2;text-transform:capitalize\">Conecta con nosotros<\/h2>\n\n\n\n<p class=\"has-text-align-center has-text-color\" style=\"color:#ffffff;margin-top:0rem;font-size:clamp(0.875rem, 0.875rem + ((1vw - 0.2rem) * 0.427), 1.11rem);font-style:normal;font-weight:400;line-height:1.6\">\u00a1\u00danete a nosotros! Creemos juntos un futuro m\u00e1s saludable y sostenible.<\/p>\n\n\n\n<div class=\"wp-block-group is-vertical is-content-justification-stretch is-layout-flex wp-container-core-group-is-layout-be82aac6 wp-block-group-is-layout-flex\" style=\"margin-top:0rem;padding-right:0px;padding-left:0px\">\n<div class=\"wp-block-group has-global-padding is-content-justification-center is-layout-constrained wp-container-core-group-is-layout-0638dde4 wp-block-group-is-layout-constrained\" style=\"margin-top:0px\">\n<div class=\"wp-block-buttons is-horizontal is-content-justification-right is-layout-flex wp-container-core-buttons-is-layout-1b0e492f wp-block-buttons-is-layout-flex\" style=\"margin-top:2.21rem\">\n<div class=\"is-style-fill wp-block-button has-custom-width wp-block-button__width-100\"><a class=\"wp-block-button__link has-text-color has-background has-border-color has-custom-font-size wp-element-button\" style=\"border-color:#041d55;border-style:solid;border-width:1px;border-radius:2.5rem;color:#07277c;background-color:#ffffff;padding-top:1.1rem;padding-right:0.81rem;padding-bottom:1.1rem;padding-left:0.81rem;font-size:clamp(0.875rem, 0.875rem + ((1vw - 0.2rem) * 0.609), 1.21rem);font-style:normal;font-weight:400;line-height:1;text-transform:capitalize\">Cont\u00e1ctenos<\/a><\/div>\n<\/div>\n<\/div>\n<\/div>\n<\/div>\n<\/div>\n<\/div>\n<\/div><\/section>","protected":false},"excerpt":{"rendered":"<p>We Offer More than bananas We offer more than bananas \u2014 we offer partnership, purpose, and a legacy reborn. join the journey We invite partners, retailers, and consumers to be part of this mission.\u000bBy supporting Diversibanas, you help revive a legendary fruit, empower farming communities, and advance sustainable agriculture for future generations. Together, let\u2019s bring [&hellip;]<\/p>\n","protected":false},"author":2,"featured_media":0,"parent":0,"menu_order":0,"comment_status":"closed","ping_status":"closed","template":"","meta":{"nf_dc_page":"","footnotes":""},"class_list":["post-21","page","type-page","status-publish","hentry"],"yoast_head":"<!-- This site is optimized with the Yoast SEO plugin v27.4 - https:\/\/yoast.com\/product\/yoast-seo-wordpress\/ -->\n<title>Diversibananas - Our Community and The Impact of Gros Michel<\/title>\n<meta name=\"description\" content=\"Learn More About Our Partners and The Impact the Resurgence of Gros Michel Has Had On The Communities In Guatemala\" \/>\n<meta name=\"robots\" content=\"index, follow, max-snippet:-1, max-image-preview:large, max-video-preview:-1\" \/>\n<link rel=\"canonical\" href=\"https:\/\/diversibananas.com\/es\/growwithus\/\" \/>\n<meta property=\"og:locale\" content=\"es_ES\" \/>\n<meta property=\"og:type\" content=\"article\" \/>\n<meta property=\"og:title\" content=\"Diversibananas - Our Community and The Impact of Gros Michel\" \/>\n<meta property=\"og:description\" content=\"Learn More About Our Partners and The Impact the Resurgence of Gros Michel Has Had On The Communities In Guatemala\" \/>\n<meta property=\"og:url\" content=\"https:\/\/diversibananas.com\/es\/growwithus\/\" \/>\n<meta property=\"og:site_name\" content=\"Diversibananas\" \/>\n<meta property=\"article:modified_time\" content=\"2025-10-31T11:06:51+00:00\" \/>\n<meta property=\"og:image\" content=\"https:\/\/diversibananas.com\/wp-content\/uploads\/2024\/06\/Screenshot-2024-06-26-at-13.25.11.png\" \/>\n\t<meta property=\"og:image:width\" content=\"1362\" \/>\n\t<meta property=\"og:image:height\" content=\"758\" \/>\n\t<meta property=\"og:image:type\" content=\"image\/png\" \/>\n<meta name=\"twitter:card\" content=\"summary_large_image\" \/>\n<meta name=\"twitter:label1\" content=\"Est. reading time\" \/>\n\t<meta name=\"twitter:data1\" content=\"2 minutos\" \/>\n<script type=\"application\/ld+json\" class=\"yoast-schema-graph\">{\"@context\":\"https:\\\/\\\/schema.org\",\"@graph\":[{\"@type\":\"WebPage\",\"@id\":\"https:\\\/\\\/diversibananas.com\\\/growwithus\\\/\",\"url\":\"https:\\\/\\\/diversibananas.com\\\/growwithus\\\/\",\"name\":\"Diversibananas - Our Community and The Impact of Gros Michel\",\"isPartOf\":{\"@id\":\"https:\\\/\\\/diversibananas.com\\\/#website\"},\"primaryImageOfPage\":{\"@id\":\"https:\\\/\\\/diversibananas.com\\\/growwithus\\\/#primaryimage\"},\"image\":{\"@id\":\"https:\\\/\\\/diversibananas.com\\\/growwithus\\\/#primaryimage\"},\"thumbnailUrl\":\"https:\\\/\\\/diversibananas.com\\\/wp-content\\\/uploads\\\/2024\\\/06\\\/Screenshot-2024-06-26-at-13.25.11.png\",\"datePublished\":\"2024-06-13T08:24:49+00:00\",\"dateModified\":\"2025-10-31T11:06:51+00:00\",\"description\":\"Learn More About Our Partners and The Impact the Resurgence of Gros Michel Has Had On The Communities In Guatemala\",\"breadcrumb\":{\"@id\":\"https:\\\/\\\/diversibananas.com\\\/growwithus\\\/#breadcrumb\"},\"inLanguage\":\"es\",\"potentialAction\":[{\"@type\":\"ReadAction\",\"target\":[\"https:\\\/\\\/diversibananas.com\\\/growwithus\\\/\"]}]},{\"@type\":\"ImageObject\",\"inLanguage\":\"es\",\"@id\":\"https:\\\/\\\/diversibananas.com\\\/growwithus\\\/#primaryimage\",\"url\":\"https:\\\/\\\/diversibananas.com\\\/wp-content\\\/uploads\\\/2024\\\/06\\\/Screenshot-2024-06-26-at-13.25.11.png\",\"contentUrl\":\"https:\\\/\\\/diversibananas.com\\\/wp-content\\\/uploads\\\/2024\\\/06\\\/Screenshot-2024-06-26-at-13.25.11.png\"},{\"@type\":\"BreadcrumbList\",\"@id\":\"https:\\\/\\\/diversibananas.com\\\/growwithus\\\/#breadcrumb\",\"itemListElement\":[{\"@type\":\"ListItem\",\"position\":1,\"name\":\"Home\",\"item\":\"https:\\\/\\\/diversibananas.com\\\/\"},{\"@type\":\"ListItem\",\"position\":2,\"name\":\"Grow with us\"}]},{\"@type\":\"WebSite\",\"@id\":\"https:\\\/\\\/diversibananas.com\\\/#website\",\"url\":\"https:\\\/\\\/diversibananas.com\\\/\",\"name\":\"Diversibananas\",\"description\":\"Gros Michel Bananas\",\"publisher\":{\"@id\":\"https:\\\/\\\/diversibananas.com\\\/#organization\"},\"potentialAction\":[{\"@type\":\"SearchAction\",\"target\":{\"@type\":\"EntryPoint\",\"urlTemplate\":\"https:\\\/\\\/diversibananas.com\\\/?s={search_term_string}\"},\"query-input\":{\"@type\":\"PropertyValueSpecification\",\"valueRequired\":true,\"valueName\":\"search_term_string\"}}],\"inLanguage\":\"es\"},{\"@type\":\"Organization\",\"@id\":\"https:\\\/\\\/diversibananas.com\\\/#organization\",\"name\":\"Diversibananas Guatemala\",\"url\":\"https:\\\/\\\/diversibananas.com\\\/\",\"logo\":{\"@type\":\"ImageObject\",\"inLanguage\":\"es\",\"@id\":\"https:\\\/\\\/diversibananas.com\\\/#\\\/schema\\\/logo\\\/image\\\/\",\"url\":\"https:\\\/\\\/diversibananas.com\\\/wp-content\\\/uploads\\\/2025\\\/03\\\/Diversibananas-Logo-LM-1.png\",\"contentUrl\":\"https:\\\/\\\/diversibananas.com\\\/wp-content\\\/uploads\\\/2025\\\/03\\\/Diversibananas-Logo-LM-1.png\",\"width\":627,\"height\":622,\"caption\":\"Diversibananas Guatemala\"},\"image\":{\"@id\":\"https:\\\/\\\/diversibananas.com\\\/#\\\/schema\\\/logo\\\/image\\\/\"}}]}<\/script>\n<!-- \/ Yoast SEO plugin. -->","yoast_head_json":{"title":"Diversibananas - Our Community and The Impact of Gros Michel","description":"Learn More About Our Partners and The Impact the Resurgence of Gros Michel Has Had On The Communities In Guatemala","robots":{"index":"index","follow":"follow","max-snippet":"max-snippet:-1","max-image-preview":"max-image-preview:large","max-video-preview":"max-video-preview:-1"},"canonical":"https:\/\/diversibananas.com\/es\/growwithus\/","og_locale":"es_ES","og_type":"article","og_title":"Diversibananas - Our Community and The Impact of Gros Michel","og_description":"Learn More About Our Partners and The Impact the Resurgence of Gros Michel Has Had On The Communities In Guatemala","og_url":"https:\/\/diversibananas.com\/es\/growwithus\/","og_site_name":"Diversibananas","article_modified_time":"2025-10-31T11:06:51+00:00","og_image":[{"width":1362,"height":758,"url":"https:\/\/diversibananas.com\/wp-content\/uploads\/2024\/06\/Screenshot-2024-06-26-at-13.25.11.png","type":"image\/png"}],"twitter_card":"summary_large_image","twitter_misc":{"Est. reading time":"2 minutos"},"schema":{"@context":"https:\/\/schema.org","@graph":[{"@type":"WebPage","@id":"https:\/\/diversibananas.com\/growwithus\/","url":"https:\/\/diversibananas.com\/growwithus\/","name":"Diversibananas - Our Community and The Impact of Gros Michel","isPartOf":{"@id":"https:\/\/diversibananas.com\/#website"},"primaryImageOfPage":{"@id":"https:\/\/diversibananas.com\/growwithus\/#primaryimage"},"image":{"@id":"https:\/\/diversibananas.com\/growwithus\/#primaryimage"},"thumbnailUrl":"https:\/\/diversibananas.com\/wp-content\/uploads\/2024\/06\/Screenshot-2024-06-26-at-13.25.11.png","datePublished":"2024-06-13T08:24:49+00:00","dateModified":"2025-10-31T11:06:51+00:00","description":"Learn More About Our Partners and The Impact the Resurgence of Gros Michel Has Had On The Communities In Guatemala","breadcrumb":{"@id":"https:\/\/diversibananas.com\/growwithus\/#breadcrumb"},"inLanguage":"es","potentialAction":[{"@type":"ReadAction","target":["https:\/\/diversibananas.com\/growwithus\/"]}]},{"@type":"ImageObject","inLanguage":"es","@id":"https:\/\/diversibananas.com\/growwithus\/#primaryimage","url":"https:\/\/diversibananas.com\/wp-content\/uploads\/2024\/06\/Screenshot-2024-06-26-at-13.25.11.png","contentUrl":"https:\/\/diversibananas.com\/wp-content\/uploads\/2024\/06\/Screenshot-2024-06-26-at-13.25.11.png"},{"@type":"BreadcrumbList","@id":"https:\/\/diversibananas.com\/growwithus\/#breadcrumb","itemListElement":[{"@type":"ListItem","position":1,"name":"Home","item":"https:\/\/diversibananas.com\/"},{"@type":"ListItem","position":2,"name":"Grow with us"}]},{"@type":"WebSite","@id":"https:\/\/diversibananas.com\/#website","url":"https:\/\/diversibananas.com\/","name":"Diversibananas","description":"Gros Michel Bananas","publisher":{"@id":"https:\/\/diversibananas.com\/#organization"},"potentialAction":[{"@type":"SearchAction","target":{"@type":"EntryPoint","urlTemplate":"https:\/\/diversibananas.com\/?s={search_term_string}"},"query-input":{"@type":"PropertyValueSpecification","valueRequired":true,"valueName":"search_term_string"}}],"inLanguage":"es"},{"@type":"Organization","@id":"https:\/\/diversibananas.com\/#organization","name":"Diversibananas Guatemala","url":"https:\/\/diversibananas.com\/","logo":{"@type":"ImageObject","inLanguage":"es","@id":"https:\/\/diversibananas.com\/#\/schema\/logo\/image\/","url":"https:\/\/diversibananas.com\/wp-content\/uploads\/2025\/03\/Diversibananas-Logo-LM-1.png","contentUrl":"https:\/\/diversibananas.com\/wp-content\/uploads\/2025\/03\/Diversibananas-Logo-LM-1.png","width":627,"height":622,"caption":"Diversibananas Guatemala"},"image":{"@id":"https:\/\/diversibananas.com\/#\/schema\/logo\/image\/"}}]}},"_links":{"self":[{"href":"https:\/\/diversibananas.com\/es\/wp-json\/wp\/v2\/pages\/21","targetHints":{"allow":["GET"]}}],"collection":[{"href":"https:\/\/diversibananas.com\/es\/wp-json\/wp\/v2\/pages"}],"about":[{"href":"https:\/\/diversibananas.com\/es\/wp-json\/wp\/v2\/types\/page"}],"author":[{"embeddable":true,"href":"https:\/\/diversibananas.com\/es\/wp-json\/wp\/v2\/users\/2"}],"replies":[{"embeddable":true,"href":"https:\/\/diversibananas.com\/es\/wp-json\/wp\/v2\/comments?post=21"}],"version-history":[{"count":5,"href":"https:\/\/diversibananas.com\/es\/wp-json\/wp\/v2\/pages\/21\/revisions"}],"predecessor-version":[{"id":887,"href":"https:\/\/diversibananas.com\/es\/wp-json\/wp\/v2\/pages\/21\/revisions\/887"}],"wp:attachment":[{"href":"https:\/\/diversibananas.com\/es\/wp-json\/wp\/v2\/media?parent=21"}],"curies":[{"name":"wp","href":"https:\/\/api.w.org\/{rel}","templated":true}]}}