{"id":390,"date":"2024-06-26T08:35:30","date_gmt":"2024-06-26T08:35:30","guid":{"rendered":"https:\/\/diversibananas.com\/?page_id=390"},"modified":"2024-07-14T07:17:04","modified_gmt":"2024-07-14T07:17:04","slug":"eurofresh","status":"publish","type":"page","link":"https:\/\/diversibananas.com\/es\/news\/eurofresh\/","title":{"rendered":"Eurofresh"},"content":{"rendered":"<div class=\"wp-block-cover alignfull wp-duotone-unset-1\" style=\"padding-top:2%;min-height:462px;aspect-ratio:unset;\"><span aria-hidden=\"true\" class=\"wp-block-cover__background has-background-dim-30 has-background-dim\" style=\"background-color:#003b56\"><\/span><img loading=\"lazy\" decoding=\"async\" width=\"1024\" height=\"768\" class=\"wp-block-cover__image-background wp-image-39\" alt=\"\" src=\"https:\/\/diversibananas.com\/wp-content\/uploads\/2024\/06\/Finca.jpg\" style=\"object-position:48% 9%\" data-object-fit=\"cover\" data-object-position=\"48% 9%\" srcset=\"https:\/\/diversibananas.com\/wp-content\/uploads\/2024\/06\/Finca.jpg 1024w, https:\/\/diversibananas.com\/wp-content\/uploads\/2024\/06\/Finca-300x225.jpg 300w, https:\/\/diversibananas.com\/wp-content\/uploads\/2024\/06\/Finca-768x576.jpg 768w\" sizes=\"auto, (max-width: 1024px) 100vw, 1024px\" \/><div class=\"wp-block-cover__inner-container has-global-padding is-layout-constrained wp-container-core-cover-is-layout-ee51f2d2 wp-block-cover-is-layout-constrained\">\n<h2 class=\"wp-block-heading has-text-align-center has-text-color\" style=\"color:#fefeff;margin-right:0;margin-bottom:1.5rem;margin-left:0;font-size:clamp(1.743rem, 1.743rem + ((1vw - 0.2rem) * 2.285), 3rem);font-style:normal;font-weight:600;line-height:1;text-transform:none\">Publicaci\u00f3n en la revista Eurofruit<\/h2>\n<\/div><\/div>\n\n\n\n<figure class=\"wp-block-gallery has-nested-images columns-default is-cropped wp-block-gallery-2 is-layout-flex wp-block-gallery-is-layout-flex\">\n<figure class=\"wp-block-image aligncenter size-large has-custom-border\"><img loading=\"lazy\" decoding=\"async\" width=\"749\" height=\"1024\" data-id=\"394\" src=\"https:\/\/diversibananas.com\/wp-content\/uploads\/2024\/06\/Screenshot-2024-06-26-at-11.32.13-1-749x1024.png\" alt=\"\" class=\"wp-image-394\" style=\"border-width:3px\" srcset=\"https:\/\/diversibananas.com\/wp-content\/uploads\/2024\/06\/Screenshot-2024-06-26-at-11.32.13-1-749x1024.png 749w, https:\/\/diversibananas.com\/wp-content\/uploads\/2024\/06\/Screenshot-2024-06-26-at-11.32.13-1-219x300.png 219w, https:\/\/diversibananas.com\/wp-content\/uploads\/2024\/06\/Screenshot-2024-06-26-at-11.32.13-1-768x1050.png 768w, https:\/\/diversibananas.com\/wp-content\/uploads\/2024\/06\/Screenshot-2024-06-26-at-11.32.13-1-9x12.png 9w, https:\/\/diversibananas.com\/wp-content\/uploads\/2024\/06\/Screenshot-2024-06-26-at-11.32.13-1.png 1062w\" sizes=\"auto, (max-width: 749px) 100vw, 749px\" \/><\/figure>\n<\/figure>\n\n\n\n<p class=\"has-text-align-center\">En 2023, el proyecto Diversibananas logr\u00f3 un hito significativo al publicar un art\u00edculo en Eurofruit, la revista l\u00edder para compradores y proveedores de productos frescos en Europa y el Medio Oriente. Reconocida como la mejor plataforma para presentar productos y servicios a los compradores de la industria de productos frescos en la regi\u00f3n, Eurofruit ofrece una visibilidad incomparable. Su amplia distribuci\u00f3n en eventos clave de la industria, como Fruit Logistica, Asia Fruit Logistica, WOP Dubai, Fruit Attraction, World Food Moscow, Macfrut y PMA Fresh Summit, garantiza que la informaci\u00f3n llegue a los principales tomadores de decisiones a lo largo de toda la cadena de suministro. La publicaci\u00f3n en esta prestigiosa revista representa un gran avance para Diversibananas, destacando su relevancia y aportes en el sector.<\/p>\n\n\n\n<figure class=\"wp-block-image size-large\"><img loading=\"lazy\" decoding=\"async\" width=\"1024\" height=\"536\" src=\"https:\/\/diversibananas.com\/wp-content\/uploads\/2024\/06\/Screenshot-2024-06-26-at-11.46.17-1024x536.png\" alt=\"\" class=\"wp-image-384\" srcset=\"https:\/\/diversibananas.com\/wp-content\/uploads\/2024\/06\/Screenshot-2024-06-26-at-11.46.17-1024x536.png 1024w, https:\/\/diversibananas.com\/wp-content\/uploads\/2024\/06\/Screenshot-2024-06-26-at-11.46.17-300x157.png 300w, https:\/\/diversibananas.com\/wp-content\/uploads\/2024\/06\/Screenshot-2024-06-26-at-11.46.17-768x402.png 768w, https:\/\/diversibananas.com\/wp-content\/uploads\/2024\/06\/Screenshot-2024-06-26-at-11.46.17-18x9.png 18w, https:\/\/diversibananas.com\/wp-content\/uploads\/2024\/06\/Screenshot-2024-06-26-at-11.46.17.png 1360w\" sizes=\"auto, (max-width: 1024px) 100vw, 1024px\" \/><\/figure>\n\n\n\n<section class=\"wp-block-cover alignfull is-light\" style=\"margin-top:35px;padding-top:0;padding-right:0;padding-bottom:0;padding-left:0;min-height:494px;aspect-ratio:unset;\"><span aria-hidden=\"true\" class=\"wp-block-cover__background has-background-dim-60 has-background-dim\" style=\"background-color:#52b166\"><\/span><img loading=\"lazy\" decoding=\"async\" width=\"1920\" height=\"1280\" class=\"wp-block-cover__image-background wp-image-34\" alt=\"\" src=\"https:\/\/diversibananas.com\/wp-content\/uploads\/2024\/06\/banana-tree-leaf-2448877_1920-1.jpg\" data-object-fit=\"cover\" srcset=\"https:\/\/diversibananas.com\/wp-content\/uploads\/2024\/06\/banana-tree-leaf-2448877_1920-1.jpg 1920w, https:\/\/diversibananas.com\/wp-content\/uploads\/2024\/06\/banana-tree-leaf-2448877_1920-1-300x200.jpg 300w, https:\/\/diversibananas.com\/wp-content\/uploads\/2024\/06\/banana-tree-leaf-2448877_1920-1-1024x683.jpg 1024w, https:\/\/diversibananas.com\/wp-content\/uploads\/2024\/06\/banana-tree-leaf-2448877_1920-1-768x512.jpg 768w, https:\/\/diversibananas.com\/wp-content\/uploads\/2024\/06\/banana-tree-leaf-2448877_1920-1-1536x1024.jpg 1536w\" sizes=\"auto, (max-width: 1920px) 100vw, 1920px\" \/><div class=\"wp-block-cover__inner-container has-global-padding is-layout-constrained wp-container-core-cover-is-layout-0a6905f9 wp-block-cover-is-layout-constrained\">\n<div class=\"wp-block-group alignfull has-text-color has-global-padding is-layout-constrained wp-container-core-group-is-layout-6f61d7e7 wp-block-group-is-layout-constrained\" style=\"color:#252525;margin-top:0px;padding-top:0rem;padding-right:1rem;padding-bottom:0rem;padding-left:1rem;font-size:clamp(0.875rem, 0.875rem + ((1vw - 0.2rem) * 0.464), 1.13rem);font-style:normal;font-weight:400;line-height:1.4\">\n<div class=\"wp-block-group is-vertical is-content-justification-center is-layout-flex wp-container-core-group-is-layout-b6c1f246 wp-block-group-is-layout-flex\">\n<div class=\"wp-block-group has-global-padding is-layout-constrained wp-container-core-group-is-layout-a099c240 wp-block-group-is-layout-constrained\">\n<h2 class=\"wp-block-heading has-text-align-center has-text-color\" style=\"color:#ffffff;margin-bottom:1.11rem;font-size:clamp(1.556rem, 1.556rem + ((1vw - 0.2rem) * 1.916), 2.61rem);font-style:normal;font-weight:500;line-height:1.2;text-transform:capitalize\">Cont\u00e1ctenos<\/h2>\n\n\n\n<p class=\"has-text-align-center has-text-color\" style=\"color:#ffffff;margin-top:0rem;font-size:clamp(0.875rem, 0.875rem + ((1vw - 0.2rem) * 0.427), 1.11rem);font-style:normal;font-weight:400;line-height:1.6\">\u00bfQuieres saber m\u00e1s sobre nosotros?<\/p>\n\n\n\n<div class=\"wp-block-group is-vertical is-content-justification-stretch is-layout-flex wp-container-core-group-is-layout-be82aac6 wp-block-group-is-layout-flex\" style=\"margin-top:0rem;padding-right:0px;padding-left:0px\">\n<div class=\"wp-block-group has-global-padding is-content-justification-center is-layout-constrained wp-container-core-group-is-layout-0638dde4 wp-block-group-is-layout-constrained\" style=\"margin-top:0px\">\n<div class=\"wp-block-buttons is-horizontal is-content-justification-right is-layout-flex wp-container-core-buttons-is-layout-1b0e492f wp-block-buttons-is-layout-flex\" style=\"margin-top:2.21rem\">\n<div class=\"is-style-fill wp-block-button has-custom-width wp-block-button__width-100 has-custom-font-size\" style=\"font-size:clamp(0.875rem, 0.875rem + ((1vw - 0.2rem) * 0.609), 1.21rem);font-style:normal;font-weight:400;line-height:1;text-transform:capitalize\"><a class=\"wp-block-button__link has-text-color has-background has-border-color wp-element-button\" href=\"https:\/\/diversibananas.com\/es\/contacto\/\" style=\"border-color:#041d55;border-style:solid;border-width:1px;border-radius:2.5rem;color:#07277c;background-color:#ffffff;padding-top:1.1rem;padding-right:0.81rem;padding-bottom:1.1rem;padding-left:0.81rem\">Solicitar Ahora<\/a><\/div>\n<\/div>\n<\/div>\n<\/div>\n<\/div>\n<\/div>\n<\/div>\n<\/div><\/section>","protected":false},"excerpt":{"rendered":"<p>In 2023, the Diversibananos project achieved a significant milestone by securing a feature in Eurofruit, the premier magazine for fresh produce buyers and suppliers in Europe and the Middle East. Renowned as the foremost platform for presenting products and services to industry leaders in the fresh produce sector, Eurofruit provides unparalleled visibility. With its widespread [&hellip;]<\/p>\n","protected":false},"author":3,"featured_media":0,"parent":299,"menu_order":1,"comment_status":"closed","ping_status":"closed","template":"","meta":{"nf_dc_page":"","footnotes":""},"class_list":["post-390","page","type-page","status-publish","hentry"],"yoast_head":"<!-- This site is optimized with the Yoast SEO plugin v27.4 - https:\/\/yoast.com\/product\/yoast-seo-wordpress\/ -->\n<title>Eurofresh -<\/title>\n<meta name=\"robots\" content=\"index, follow, max-snippet:-1, max-image-preview:large, max-video-preview:-1\" \/>\n<link rel=\"canonical\" href=\"https:\/\/diversibananas.com\/es\/news\/eurofresh\/\" \/>\n<meta property=\"og:locale\" content=\"es_ES\" \/>\n<meta property=\"og:type\" content=\"article\" \/>\n<meta property=\"og:title\" content=\"Eurofresh -\" \/>\n<meta property=\"og:description\" content=\"In 2023, the Diversibananos project achieved a significant milestone by securing a feature in Eurofruit, the premier magazine for fresh produce buyers and suppliers in Europe and the Middle East. Renowned as the foremost platform for presenting products and services to industry leaders in the fresh produce sector, Eurofruit provides unparalleled visibility. With its widespread [&hellip;]\" \/>\n<meta property=\"og:url\" content=\"https:\/\/diversibananas.com\/es\/news\/eurofresh\/\" \/>\n<meta property=\"og:site_name\" content=\"Diversibananas\" \/>\n<meta property=\"article:modified_time\" content=\"2024-07-14T07:17:04+00:00\" \/>\n<meta property=\"og:image\" content=\"https:\/\/diversibananas.com\/wp-content\/uploads\/2024\/06\/Finca.jpg\" \/>\n<meta name=\"twitter:card\" content=\"summary_large_image\" \/>\n<meta name=\"twitter:label1\" content=\"Est. reading time\" \/>\n\t<meta name=\"twitter:data1\" content=\"1 minuto\" \/>\n<script type=\"application\/ld+json\" class=\"yoast-schema-graph\">{\"@context\":\"https:\\\/\\\/schema.org\",\"@graph\":[{\"@type\":\"WebPage\",\"@id\":\"https:\\\/\\\/diversibananas.com\\\/news\\\/eurofresh\\\/\",\"url\":\"https:\\\/\\\/diversibananas.com\\\/news\\\/eurofresh\\\/\",\"name\":\"Eurofresh -\",\"isPartOf\":{\"@id\":\"https:\\\/\\\/diversibananas.com\\\/#website\"},\"primaryImageOfPage\":{\"@id\":\"https:\\\/\\\/diversibananas.com\\\/news\\\/eurofresh\\\/#primaryimage\"},\"image\":{\"@id\":\"https:\\\/\\\/diversibananas.com\\\/news\\\/eurofresh\\\/#primaryimage\"},\"thumbnailUrl\":\"https:\\\/\\\/diversibananas.com\\\/wp-content\\\/uploads\\\/2024\\\/06\\\/Finca.jpg\",\"datePublished\":\"2024-06-26T08:35:30+00:00\",\"dateModified\":\"2024-07-14T07:17:04+00:00\",\"breadcrumb\":{\"@id\":\"https:\\\/\\\/diversibananas.com\\\/news\\\/eurofresh\\\/#breadcrumb\"},\"inLanguage\":\"es\",\"potentialAction\":[{\"@type\":\"ReadAction\",\"target\":[\"https:\\\/\\\/diversibananas.com\\\/news\\\/eurofresh\\\/\"]}]},{\"@type\":\"ImageObject\",\"inLanguage\":\"es\",\"@id\":\"https:\\\/\\\/diversibananas.com\\\/news\\\/eurofresh\\\/#primaryimage\",\"url\":\"https:\\\/\\\/diversibananas.com\\\/wp-content\\\/uploads\\\/2024\\\/06\\\/Finca.jpg\",\"contentUrl\":\"https:\\\/\\\/diversibananas.com\\\/wp-content\\\/uploads\\\/2024\\\/06\\\/Finca.jpg\"},{\"@type\":\"BreadcrumbList\",\"@id\":\"https:\\\/\\\/diversibananas.com\\\/news\\\/eurofresh\\\/#breadcrumb\",\"itemListElement\":[{\"@type\":\"ListItem\",\"position\":1,\"name\":\"Home\",\"item\":\"https:\\\/\\\/diversibananas.com\\\/\"},{\"@type\":\"ListItem\",\"position\":2,\"name\":\"News\",\"item\":\"https:\\\/\\\/diversibananas.com\\\/news\\\/\"},{\"@type\":\"ListItem\",\"position\":3,\"name\":\"Eurofresh\"}]},{\"@type\":\"WebSite\",\"@id\":\"https:\\\/\\\/diversibananas.com\\\/#website\",\"url\":\"https:\\\/\\\/diversibananas.com\\\/\",\"name\":\"Diversibananas\",\"description\":\"Gros Michel Bananas\",\"publisher\":{\"@id\":\"https:\\\/\\\/diversibananas.com\\\/#organization\"},\"potentialAction\":[{\"@type\":\"SearchAction\",\"target\":{\"@type\":\"EntryPoint\",\"urlTemplate\":\"https:\\\/\\\/diversibananas.com\\\/?s={search_term_string}\"},\"query-input\":{\"@type\":\"PropertyValueSpecification\",\"valueRequired\":true,\"valueName\":\"search_term_string\"}}],\"inLanguage\":\"es\"},{\"@type\":\"Organization\",\"@id\":\"https:\\\/\\\/diversibananas.com\\\/#organization\",\"name\":\"Diversibananas Guatemala\",\"url\":\"https:\\\/\\\/diversibananas.com\\\/\",\"logo\":{\"@type\":\"ImageObject\",\"inLanguage\":\"es\",\"@id\":\"https:\\\/\\\/diversibananas.com\\\/#\\\/schema\\\/logo\\\/image\\\/\",\"url\":\"https:\\\/\\\/diversibananas.com\\\/wp-content\\\/uploads\\\/2025\\\/03\\\/Diversibananas-Logo-LM-1.png\",\"contentUrl\":\"https:\\\/\\\/diversibananas.com\\\/wp-content\\\/uploads\\\/2025\\\/03\\\/Diversibananas-Logo-LM-1.png\",\"width\":627,\"height\":622,\"caption\":\"Diversibananas Guatemala\"},\"image\":{\"@id\":\"https:\\\/\\\/diversibananas.com\\\/#\\\/schema\\\/logo\\\/image\\\/\"}}]}<\/script>\n<!-- \/ Yoast SEO plugin. -->","yoast_head_json":{"title":"Eurofresh -","robots":{"index":"index","follow":"follow","max-snippet":"max-snippet:-1","max-image-preview":"max-image-preview:large","max-video-preview":"max-video-preview:-1"},"canonical":"https:\/\/diversibananas.com\/es\/news\/eurofresh\/","og_locale":"es_ES","og_type":"article","og_title":"Eurofresh -","og_description":"In 2023, the Diversibananos project achieved a significant milestone by securing a feature in Eurofruit, the premier magazine for fresh produce buyers and suppliers in Europe and the Middle East. Renowned as the foremost platform for presenting products and services to industry leaders in the fresh produce sector, Eurofruit provides unparalleled visibility. With its widespread [&hellip;]","og_url":"https:\/\/diversibananas.com\/es\/news\/eurofresh\/","og_site_name":"Diversibananas","article_modified_time":"2024-07-14T07:17:04+00:00","og_image":[{"url":"https:\/\/diversibananas.com\/wp-content\/uploads\/2024\/06\/Finca.jpg","type":"","width":"","height":""}],"twitter_card":"summary_large_image","twitter_misc":{"Est. reading time":"1 minuto"},"schema":{"@context":"https:\/\/schema.org","@graph":[{"@type":"WebPage","@id":"https:\/\/diversibananas.com\/news\/eurofresh\/","url":"https:\/\/diversibananas.com\/news\/eurofresh\/","name":"Eurofresh -","isPartOf":{"@id":"https:\/\/diversibananas.com\/#website"},"primaryImageOfPage":{"@id":"https:\/\/diversibananas.com\/news\/eurofresh\/#primaryimage"},"image":{"@id":"https:\/\/diversibananas.com\/news\/eurofresh\/#primaryimage"},"thumbnailUrl":"https:\/\/diversibananas.com\/wp-content\/uploads\/2024\/06\/Finca.jpg","datePublished":"2024-06-26T08:35:30+00:00","dateModified":"2024-07-14T07:17:04+00:00","breadcrumb":{"@id":"https:\/\/diversibananas.com\/news\/eurofresh\/#breadcrumb"},"inLanguage":"es","potentialAction":[{"@type":"ReadAction","target":["https:\/\/diversibananas.com\/news\/eurofresh\/"]}]},{"@type":"ImageObject","inLanguage":"es","@id":"https:\/\/diversibananas.com\/news\/eurofresh\/#primaryimage","url":"https:\/\/diversibananas.com\/wp-content\/uploads\/2024\/06\/Finca.jpg","contentUrl":"https:\/\/diversibananas.com\/wp-content\/uploads\/2024\/06\/Finca.jpg"},{"@type":"BreadcrumbList","@id":"https:\/\/diversibananas.com\/news\/eurofresh\/#breadcrumb","itemListElement":[{"@type":"ListItem","position":1,"name":"Home","item":"https:\/\/diversibananas.com\/"},{"@type":"ListItem","position":2,"name":"News","item":"https:\/\/diversibananas.com\/news\/"},{"@type":"ListItem","position":3,"name":"Eurofresh"}]},{"@type":"WebSite","@id":"https:\/\/diversibananas.com\/#website","url":"https:\/\/diversibananas.com\/","name":"Diversibananas","description":"Gros Michel Bananas","publisher":{"@id":"https:\/\/diversibananas.com\/#organization"},"potentialAction":[{"@type":"SearchAction","target":{"@type":"EntryPoint","urlTemplate":"https:\/\/diversibananas.com\/?s={search_term_string}"},"query-input":{"@type":"PropertyValueSpecification","valueRequired":true,"valueName":"search_term_string"}}],"inLanguage":"es"},{"@type":"Organization","@id":"https:\/\/diversibananas.com\/#organization","name":"Diversibananas Guatemala","url":"https:\/\/diversibananas.com\/","logo":{"@type":"ImageObject","inLanguage":"es","@id":"https:\/\/diversibananas.com\/#\/schema\/logo\/image\/","url":"https:\/\/diversibananas.com\/wp-content\/uploads\/2025\/03\/Diversibananas-Logo-LM-1.png","contentUrl":"https:\/\/diversibananas.com\/wp-content\/uploads\/2025\/03\/Diversibananas-Logo-LM-1.png","width":627,"height":622,"caption":"Diversibananas Guatemala"},"image":{"@id":"https:\/\/diversibananas.com\/#\/schema\/logo\/image\/"}}]}},"_links":{"self":[{"href":"https:\/\/diversibananas.com\/es\/wp-json\/wp\/v2\/pages\/390","targetHints":{"allow":["GET"]}}],"collection":[{"href":"https:\/\/diversibananas.com\/es\/wp-json\/wp\/v2\/pages"}],"about":[{"href":"https:\/\/diversibananas.com\/es\/wp-json\/wp\/v2\/types\/page"}],"author":[{"embeddable":true,"href":"https:\/\/diversibananas.com\/es\/wp-json\/wp\/v2\/users\/3"}],"replies":[{"embeddable":true,"href":"https:\/\/diversibananas.com\/es\/wp-json\/wp\/v2\/comments?post=390"}],"version-history":[{"count":4,"href":"https:\/\/diversibananas.com\/es\/wp-json\/wp\/v2\/pages\/390\/revisions"}],"predecessor-version":[{"id":533,"href":"https:\/\/diversibananas.com\/es\/wp-json\/wp\/v2\/pages\/390\/revisions\/533"}],"up":[{"embeddable":true,"href":"https:\/\/diversibananas.com\/es\/wp-json\/wp\/v2\/pages\/299"}],"wp:attachment":[{"href":"https:\/\/diversibananas.com\/es\/wp-json\/wp\/v2\/media?parent=390"}],"curies":[{"name":"wp","href":"https:\/\/api.w.org\/{rel}","templated":true}]}}