{"id":560,"date":"2024-07-20T12:25:46","date_gmt":"2024-07-20T12:25:46","guid":{"rendered":"https:\/\/diversibananas.com\/?page_id=560"},"modified":"2024-07-20T13:02:49","modified_gmt":"2024-07-20T13:02:49","slug":"award","status":"publish","type":"page","link":"https:\/\/diversibananas.com\/es\/news\/award\/","title":{"rendered":"Award"},"content":{"rendered":"<div class=\"wp-block-cover alignfull wp-duotone-unset-1\" style=\"padding-top:2%;min-height:462px;aspect-ratio:unset;\"><span aria-hidden=\"true\" class=\"wp-block-cover__background has-background-dim-30 has-background-dim\" style=\"background-color:#003b56\"><\/span><img loading=\"lazy\" decoding=\"async\" width=\"1920\" height=\"1278\" class=\"wp-block-cover__image-background wp-image-35\" alt=\"\" src=\"https:\/\/diversibananas.com\/wp-content\/uploads\/2024\/06\/banana-plantation-2098723_1920.jpg\" data-object-fit=\"cover\" srcset=\"https:\/\/diversibananas.com\/wp-content\/uploads\/2024\/06\/banana-plantation-2098723_1920.jpg 1920w, https:\/\/diversibananas.com\/wp-content\/uploads\/2024\/06\/banana-plantation-2098723_1920-300x200.jpg 300w, https:\/\/diversibananas.com\/wp-content\/uploads\/2024\/06\/banana-plantation-2098723_1920-1024x682.jpg 1024w, https:\/\/diversibananas.com\/wp-content\/uploads\/2024\/06\/banana-plantation-2098723_1920-768x511.jpg 768w, https:\/\/diversibananas.com\/wp-content\/uploads\/2024\/06\/banana-plantation-2098723_1920-1536x1022.jpg 1536w\" sizes=\"auto, (max-width: 1920px) 100vw, 1920px\" \/><div class=\"wp-block-cover__inner-container has-global-padding is-layout-constrained wp-container-core-cover-is-layout-ee51f2d2 wp-block-cover-is-layout-constrained\">\n<h2 class=\"wp-block-heading has-text-align-center has-text-color\" style=\"color:#fefeff;margin-right:0;margin-bottom:1.5rem;margin-left:0;font-size:clamp(1.648rem, 1.648rem + ((1vw - 0.2rem) * 2.095), 2.8rem);font-style:normal;font-weight:600;line-height:1;text-transform:none\">Reconocimientos a la Innovaci\u00f3n Agritrade 2024 (Evento de Agexport)<\/h2>\n<\/div><\/div>\n\n\n\n<div class=\"wp-block-group alignfull has-global-padding is-layout-constrained wp-container-core-group-is-layout-d30cbd25 wp-block-group-is-layout-constrained\" style=\"margin-top:0;margin-bottom:0;padding-top:5.51rem;padding-right:2rem;padding-bottom:0rem;padding-left:2rem\">\n<div class=\"wp-block-group alignwide has-global-padding is-layout-constrained wp-block-group-is-layout-constrained\" style=\"margin-top:1.01rem\">\n<div class=\"wp-block-columns alignwide is-layout-flex wp-container-core-columns-is-layout-c8164556 wp-block-columns-is-layout-flex\">\n<div class=\"wp-block-column has-global-padding is-content-justification-center is-layout-constrained wp-container-core-column-is-layout-412b4476 wp-block-column-is-layout-constrained\" style=\"padding-bottom:2rem\">\n<div class=\"wp-block-group alignfull has-global-padding is-layout-constrained wp-container-core-group-is-layout-d47d106a wp-block-group-is-layout-constrained\">\n<figure class=\"wp-block-image aligncenter size-full is-resized has-custom-border\"><img loading=\"lazy\" decoding=\"async\" width=\"989\" height=\"698\" src=\"https:\/\/diversibananas.com\/wp-content\/uploads\/2024\/07\/5945e596-47e8-4dc2-ad3f-b4ce43e82f5c.jpg\" alt=\"\" class=\"wp-image-568\" style=\"border-width:3px;border-radius:16px;aspect-ratio:4\/3;object-fit:cover;width:400px\" srcset=\"https:\/\/diversibananas.com\/wp-content\/uploads\/2024\/07\/5945e596-47e8-4dc2-ad3f-b4ce43e82f5c.jpg 989w, https:\/\/diversibananas.com\/wp-content\/uploads\/2024\/07\/5945e596-47e8-4dc2-ad3f-b4ce43e82f5c-300x212.jpg 300w, https:\/\/diversibananas.com\/wp-content\/uploads\/2024\/07\/5945e596-47e8-4dc2-ad3f-b4ce43e82f5c-768x542.jpg 768w, https:\/\/diversibananas.com\/wp-content\/uploads\/2024\/07\/5945e596-47e8-4dc2-ad3f-b4ce43e82f5c-18x12.jpg 18w\" sizes=\"auto, (max-width: 989px) 100vw, 989px\" \/><\/figure>\n<\/div>\n<\/div>\n\n\n\n<div class=\"wp-block-column has-global-padding is-layout-constrained wp-container-core-column-is-layout-a3af4fe5 wp-block-column-is-layout-constrained\" style=\"padding-bottom:2rem\">\n<div class=\"wp-block-group alignfull has-global-padding is-layout-constrained wp-container-core-group-is-layout-d47d106a wp-block-group-is-layout-constrained\">\n<figure class=\"wp-block-image aligncenter size-full is-resized has-custom-border\"><img loading=\"lazy\" decoding=\"async\" width=\"1280\" height=\"960\" src=\"https:\/\/diversibananas.com\/wp-content\/uploads\/2024\/07\/13a8839d-9ba9-4359-9f05-96b45bf1e938.jpg\" alt=\"\" class=\"wp-image-572\" style=\"border-width:3px;border-radius:16px;aspect-ratio:4\/3;object-fit:cover;width:400px\" srcset=\"https:\/\/diversibananas.com\/wp-content\/uploads\/2024\/07\/13a8839d-9ba9-4359-9f05-96b45bf1e938.jpg 1280w, https:\/\/diversibananas.com\/wp-content\/uploads\/2024\/07\/13a8839d-9ba9-4359-9f05-96b45bf1e938-300x225.jpg 300w, https:\/\/diversibananas.com\/wp-content\/uploads\/2024\/07\/13a8839d-9ba9-4359-9f05-96b45bf1e938-1024x768.jpg 1024w, https:\/\/diversibananas.com\/wp-content\/uploads\/2024\/07\/13a8839d-9ba9-4359-9f05-96b45bf1e938-768x576.jpg 768w, https:\/\/diversibananas.com\/wp-content\/uploads\/2024\/07\/13a8839d-9ba9-4359-9f05-96b45bf1e938-16x12.jpg 16w\" sizes=\"auto, (max-width: 1280px) 100vw, 1280px\" \/><\/figure>\n<\/div>\n<\/div>\n\n\n\n<div class=\"wp-block-column has-global-padding is-content-justification-center is-layout-constrained wp-container-core-column-is-layout-412b4476 wp-block-column-is-layout-constrained\" style=\"padding-bottom:2rem\">\n<div class=\"wp-block-group alignfull has-global-padding is-layout-constrained wp-container-core-group-is-layout-d47d106a wp-block-group-is-layout-constrained\">\n<figure class=\"wp-block-image aligncenter size-full is-resized has-custom-border\"><img loading=\"lazy\" decoding=\"async\" width=\"1600\" height=\"1066\" src=\"https:\/\/diversibananas.com\/wp-content\/uploads\/2024\/07\/fecea73c-99f4-4b4d-836b-b966f47e6652.jpg\" alt=\"\" class=\"wp-image-573\" style=\"border-width:3px;border-radius:16px;aspect-ratio:4\/3;object-fit:cover;width:400px\" srcset=\"https:\/\/diversibananas.com\/wp-content\/uploads\/2024\/07\/fecea73c-99f4-4b4d-836b-b966f47e6652.jpg 1600w, https:\/\/diversibananas.com\/wp-content\/uploads\/2024\/07\/fecea73c-99f4-4b4d-836b-b966f47e6652-300x200.jpg 300w, https:\/\/diversibananas.com\/wp-content\/uploads\/2024\/07\/fecea73c-99f4-4b4d-836b-b966f47e6652-1024x682.jpg 1024w, https:\/\/diversibananas.com\/wp-content\/uploads\/2024\/07\/fecea73c-99f4-4b4d-836b-b966f47e6652-768x512.jpg 768w, https:\/\/diversibananas.com\/wp-content\/uploads\/2024\/07\/fecea73c-99f4-4b4d-836b-b966f47e6652-1536x1023.jpg 1536w, https:\/\/diversibananas.com\/wp-content\/uploads\/2024\/07\/fecea73c-99f4-4b4d-836b-b966f47e6652-18x12.jpg 18w\" sizes=\"auto, (max-width: 1600px) 100vw, 1600px\" \/><\/figure>\n<\/div>\n<\/div>\n<\/div>\n<\/div>\n<\/div>\n\n\n\n<p class=\"has-text-align-center\">En el evento Agritrade 2024, organizado por Agexport, Diversibananas tuvo una destacada participaci\u00f3n y fue galardonado con dos importantes reconocimientos a la innovaci\u00f3n. En la categor\u00eda de Mejor Producto, recibimos el primer lugar por devolver al mercado internacional una variedad de banano que se encontraba casi extinta. Este logro no solo resalta nuestro compromiso con la biodiversidad y la sostenibilidad, sino que tambi\u00e9n demuestra nuestra capacidad para revitalizar y comercializar productos agr\u00edcolas de alta calidad, respondiendo a las demandas del mercado global y preservando el patrimonio agr\u00edcola. <\/p>\n\n\n\n<p class=\"has-text-align-center\">Adicionalmente, Diversibananas fue premiado con el primer lugar en la categor\u00eda de Mejor Mercado por nuestros esfuerzos en enviar bananos a Jap\u00f3n, superando desaf\u00edos log\u00edsticos significativos. Este reconocimiento subraya nuestra habilidad para establecer y mantener rutas de exportaci\u00f3n eficientes, garantizando que nuestros productos lleguen en \u00f3ptimas condiciones a uno de los mercados m\u00e1s exigentes del mundo. La entrada exitosa en el mercado japon\u00e9s no s\u00f3lo refleja nuestra capacidad operativa, sino tambi\u00e9n nuestra dedicaci\u00f3n a expandir las fronteras del comercio internacional de bananos.<\/p>\n\n\n\n<section class=\"wp-block-cover alignfull is-light\" style=\"margin-top:35px;padding-top:0;padding-right:0;padding-bottom:0;padding-left:0;min-height:494px;aspect-ratio:unset;\"><span aria-hidden=\"true\" class=\"wp-block-cover__background has-background-dim-60 has-background-dim\" style=\"background-color:#52b166\"><\/span><img loading=\"lazy\" decoding=\"async\" width=\"1920\" height=\"1280\" class=\"wp-block-cover__image-background wp-image-34\" alt=\"\" src=\"https:\/\/diversibananas.com\/wp-content\/uploads\/2024\/06\/banana-tree-leaf-2448877_1920-1.jpg\" data-object-fit=\"cover\" srcset=\"https:\/\/diversibananas.com\/wp-content\/uploads\/2024\/06\/banana-tree-leaf-2448877_1920-1.jpg 1920w, https:\/\/diversibananas.com\/wp-content\/uploads\/2024\/06\/banana-tree-leaf-2448877_1920-1-300x200.jpg 300w, https:\/\/diversibananas.com\/wp-content\/uploads\/2024\/06\/banana-tree-leaf-2448877_1920-1-1024x683.jpg 1024w, https:\/\/diversibananas.com\/wp-content\/uploads\/2024\/06\/banana-tree-leaf-2448877_1920-1-768x512.jpg 768w, https:\/\/diversibananas.com\/wp-content\/uploads\/2024\/06\/banana-tree-leaf-2448877_1920-1-1536x1024.jpg 1536w\" sizes=\"auto, (max-width: 1920px) 100vw, 1920px\" \/><div class=\"wp-block-cover__inner-container has-global-padding is-layout-constrained wp-container-core-cover-is-layout-0a6905f9 wp-block-cover-is-layout-constrained\">\n<div class=\"wp-block-group alignfull has-text-color has-global-padding is-layout-constrained wp-container-core-group-is-layout-6f61d7e7 wp-block-group-is-layout-constrained\" style=\"color:#252525;margin-top:0px;padding-top:0rem;padding-right:1rem;padding-bottom:0rem;padding-left:1rem;font-size:clamp(0.875rem, 0.875rem + ((1vw - 0.2rem) * 0.464), 1.13rem);font-style:normal;font-weight:400;line-height:1.4\">\n<div class=\"wp-block-group is-vertical is-content-justification-center is-layout-flex wp-container-core-group-is-layout-b6c1f246 wp-block-group-is-layout-flex\">\n<div class=\"wp-block-group has-global-padding is-layout-constrained wp-container-core-group-is-layout-a099c240 wp-block-group-is-layout-constrained\">\n<h2 class=\"wp-block-heading has-text-align-center has-text-color\" style=\"color:#ffffff;margin-bottom:1.11rem;font-size:clamp(1.556rem, 1.556rem + ((1vw - 0.2rem) * 1.916), 2.61rem);font-style:normal;font-weight:500;line-height:1.2;text-transform:capitalize\">Cont\u00e1ctenos<\/h2>\n\n\n\n<p class=\"has-text-align-center has-text-color\" style=\"color:#ffffff;margin-top:0rem;font-size:clamp(0.875rem, 0.875rem + ((1vw - 0.2rem) * 0.427), 1.11rem);font-style:normal;font-weight:400;line-height:1.6\">\u00bfQuieres saber m\u00e1s sobre nosotros?<\/p>\n\n\n\n<div class=\"wp-block-group is-vertical is-content-justification-stretch is-layout-flex wp-container-core-group-is-layout-be82aac6 wp-block-group-is-layout-flex\" style=\"margin-top:0rem;padding-right:0px;padding-left:0px\">\n<div class=\"wp-block-group has-global-padding is-content-justification-center is-layout-constrained wp-container-core-group-is-layout-0638dde4 wp-block-group-is-layout-constrained\" style=\"margin-top:0px\">\n<div class=\"wp-block-buttons is-horizontal is-content-justification-right is-layout-flex wp-container-core-buttons-is-layout-1b0e492f wp-block-buttons-is-layout-flex\" style=\"margin-top:2.21rem\">\n<div class=\"is-style-fill wp-block-button has-custom-width wp-block-button__width-100 has-custom-font-size\" style=\"font-size:clamp(0.875rem, 0.875rem + ((1vw - 0.2rem) * 0.609), 1.21rem);font-style:normal;font-weight:400;line-height:1;text-transform:capitalize\"><a class=\"wp-block-button__link has-text-color has-background has-border-color wp-element-button\" href=\"https:\/\/diversibananas.com\/es\/contacto\/\" style=\"border-color:#041d55;border-style:solid;border-width:1px;border-radius:2.5rem;color:#07277c;background-color:#ffffff;padding-top:1.1rem;padding-right:0.81rem;padding-bottom:1.1rem;padding-left:0.81rem\">Solicitar Ahora<\/a><\/div>\n<\/div>\n<\/div>\n<\/div>\n<\/div>\n<\/div>\n<\/div>\n<\/div><\/section>","protected":false},"excerpt":{"rendered":"<p>At the Agritrade 2024 event, hosted by Agexport, Diversibananas made a prominent impact and received two prestigious awards for innovation. In the Best Product category, we earned first place for reintroducing a nearly extinct banana variety to the international market. This achievement not only underscores our commitment to biodiversity and sustainability but also showcases our [&hellip;]<\/p>\n","protected":false},"author":3,"featured_media":0,"parent":299,"menu_order":0,"comment_status":"closed","ping_status":"closed","template":"","meta":{"nf_dc_page":"","footnotes":""},"class_list":["post-560","page","type-page","status-publish","hentry"],"yoast_head":"<!-- This site is optimized with the Yoast SEO plugin v27.4 - https:\/\/yoast.com\/product\/yoast-seo-wordpress\/ -->\n<title>Award -<\/title>\n<meta name=\"robots\" content=\"index, follow, max-snippet:-1, max-image-preview:large, max-video-preview:-1\" \/>\n<link rel=\"canonical\" href=\"https:\/\/diversibananas.com\/es\/news\/award\/\" \/>\n<meta property=\"og:locale\" content=\"es_ES\" \/>\n<meta property=\"og:type\" content=\"article\" \/>\n<meta property=\"og:title\" content=\"Award -\" \/>\n<meta property=\"og:description\" content=\"At the Agritrade 2024 event, hosted by Agexport, Diversibananas made a prominent impact and received two prestigious awards for innovation. In the Best Product category, we earned first place for reintroducing a nearly extinct banana variety to the international market. This achievement not only underscores our commitment to biodiversity and sustainability but also showcases our [&hellip;]\" \/>\n<meta property=\"og:url\" content=\"https:\/\/diversibananas.com\/es\/news\/award\/\" \/>\n<meta property=\"og:site_name\" content=\"Diversibananas\" \/>\n<meta property=\"article:modified_time\" content=\"2024-07-20T13:02:49+00:00\" \/>\n<meta property=\"og:image\" content=\"https:\/\/diversibananas.com\/wp-content\/uploads\/2024\/06\/banana-plantation-2098723_1920.jpg\" \/>\n<meta name=\"twitter:card\" content=\"summary_large_image\" \/>\n<meta name=\"twitter:label1\" content=\"Est. reading time\" \/>\n\t<meta name=\"twitter:data1\" content=\"1 minuto\" \/>\n<script type=\"application\/ld+json\" class=\"yoast-schema-graph\">{\"@context\":\"https:\\\/\\\/schema.org\",\"@graph\":[{\"@type\":\"WebPage\",\"@id\":\"https:\\\/\\\/diversibananas.com\\\/news\\\/award\\\/\",\"url\":\"https:\\\/\\\/diversibananas.com\\\/news\\\/award\\\/\",\"name\":\"Award -\",\"isPartOf\":{\"@id\":\"https:\\\/\\\/diversibananas.com\\\/#website\"},\"primaryImageOfPage\":{\"@id\":\"https:\\\/\\\/diversibananas.com\\\/news\\\/award\\\/#primaryimage\"},\"image\":{\"@id\":\"https:\\\/\\\/diversibananas.com\\\/news\\\/award\\\/#primaryimage\"},\"thumbnailUrl\":\"https:\\\/\\\/diversibananas.com\\\/wp-content\\\/uploads\\\/2024\\\/06\\\/banana-plantation-2098723_1920.jpg\",\"datePublished\":\"2024-07-20T12:25:46+00:00\",\"dateModified\":\"2024-07-20T13:02:49+00:00\",\"breadcrumb\":{\"@id\":\"https:\\\/\\\/diversibananas.com\\\/news\\\/award\\\/#breadcrumb\"},\"inLanguage\":\"es\",\"potentialAction\":[{\"@type\":\"ReadAction\",\"target\":[\"https:\\\/\\\/diversibananas.com\\\/news\\\/award\\\/\"]}]},{\"@type\":\"ImageObject\",\"inLanguage\":\"es\",\"@id\":\"https:\\\/\\\/diversibananas.com\\\/news\\\/award\\\/#primaryimage\",\"url\":\"https:\\\/\\\/diversibananas.com\\\/wp-content\\\/uploads\\\/2024\\\/06\\\/banana-plantation-2098723_1920.jpg\",\"contentUrl\":\"https:\\\/\\\/diversibananas.com\\\/wp-content\\\/uploads\\\/2024\\\/06\\\/banana-plantation-2098723_1920.jpg\"},{\"@type\":\"BreadcrumbList\",\"@id\":\"https:\\\/\\\/diversibananas.com\\\/news\\\/award\\\/#breadcrumb\",\"itemListElement\":[{\"@type\":\"ListItem\",\"position\":1,\"name\":\"Home\",\"item\":\"https:\\\/\\\/diversibananas.com\\\/\"},{\"@type\":\"ListItem\",\"position\":2,\"name\":\"News\",\"item\":\"https:\\\/\\\/diversibananas.com\\\/news\\\/\"},{\"@type\":\"ListItem\",\"position\":3,\"name\":\"Award\"}]},{\"@type\":\"WebSite\",\"@id\":\"https:\\\/\\\/diversibananas.com\\\/#website\",\"url\":\"https:\\\/\\\/diversibananas.com\\\/\",\"name\":\"Diversibananas\",\"description\":\"Gros Michel Bananas\",\"publisher\":{\"@id\":\"https:\\\/\\\/diversibananas.com\\\/#organization\"},\"potentialAction\":[{\"@type\":\"SearchAction\",\"target\":{\"@type\":\"EntryPoint\",\"urlTemplate\":\"https:\\\/\\\/diversibananas.com\\\/?s={search_term_string}\"},\"query-input\":{\"@type\":\"PropertyValueSpecification\",\"valueRequired\":true,\"valueName\":\"search_term_string\"}}],\"inLanguage\":\"es\"},{\"@type\":\"Organization\",\"@id\":\"https:\\\/\\\/diversibananas.com\\\/#organization\",\"name\":\"Diversibananas Guatemala\",\"url\":\"https:\\\/\\\/diversibananas.com\\\/\",\"logo\":{\"@type\":\"ImageObject\",\"inLanguage\":\"es\",\"@id\":\"https:\\\/\\\/diversibananas.com\\\/#\\\/schema\\\/logo\\\/image\\\/\",\"url\":\"https:\\\/\\\/diversibananas.com\\\/wp-content\\\/uploads\\\/2025\\\/03\\\/Diversibananas-Logo-LM-1.png\",\"contentUrl\":\"https:\\\/\\\/diversibananas.com\\\/wp-content\\\/uploads\\\/2025\\\/03\\\/Diversibananas-Logo-LM-1.png\",\"width\":627,\"height\":622,\"caption\":\"Diversibananas Guatemala\"},\"image\":{\"@id\":\"https:\\\/\\\/diversibananas.com\\\/#\\\/schema\\\/logo\\\/image\\\/\"}}]}<\/script>\n<!-- \/ Yoast SEO plugin. -->","yoast_head_json":{"title":"Award -","robots":{"index":"index","follow":"follow","max-snippet":"max-snippet:-1","max-image-preview":"max-image-preview:large","max-video-preview":"max-video-preview:-1"},"canonical":"https:\/\/diversibananas.com\/es\/news\/award\/","og_locale":"es_ES","og_type":"article","og_title":"Award -","og_description":"At the Agritrade 2024 event, hosted by Agexport, Diversibananas made a prominent impact and received two prestigious awards for innovation. In the Best Product category, we earned first place for reintroducing a nearly extinct banana variety to the international market. This achievement not only underscores our commitment to biodiversity and sustainability but also showcases our [&hellip;]","og_url":"https:\/\/diversibananas.com\/es\/news\/award\/","og_site_name":"Diversibananas","article_modified_time":"2024-07-20T13:02:49+00:00","og_image":[{"url":"https:\/\/diversibananas.com\/wp-content\/uploads\/2024\/06\/banana-plantation-2098723_1920.jpg","type":"","width":"","height":""}],"twitter_card":"summary_large_image","twitter_misc":{"Est. reading time":"1 minuto"},"schema":{"@context":"https:\/\/schema.org","@graph":[{"@type":"WebPage","@id":"https:\/\/diversibananas.com\/news\/award\/","url":"https:\/\/diversibananas.com\/news\/award\/","name":"Award -","isPartOf":{"@id":"https:\/\/diversibananas.com\/#website"},"primaryImageOfPage":{"@id":"https:\/\/diversibananas.com\/news\/award\/#primaryimage"},"image":{"@id":"https:\/\/diversibananas.com\/news\/award\/#primaryimage"},"thumbnailUrl":"https:\/\/diversibananas.com\/wp-content\/uploads\/2024\/06\/banana-plantation-2098723_1920.jpg","datePublished":"2024-07-20T12:25:46+00:00","dateModified":"2024-07-20T13:02:49+00:00","breadcrumb":{"@id":"https:\/\/diversibananas.com\/news\/award\/#breadcrumb"},"inLanguage":"es","potentialAction":[{"@type":"ReadAction","target":["https:\/\/diversibananas.com\/news\/award\/"]}]},{"@type":"ImageObject","inLanguage":"es","@id":"https:\/\/diversibananas.com\/news\/award\/#primaryimage","url":"https:\/\/diversibananas.com\/wp-content\/uploads\/2024\/06\/banana-plantation-2098723_1920.jpg","contentUrl":"https:\/\/diversibananas.com\/wp-content\/uploads\/2024\/06\/banana-plantation-2098723_1920.jpg"},{"@type":"BreadcrumbList","@id":"https:\/\/diversibananas.com\/news\/award\/#breadcrumb","itemListElement":[{"@type":"ListItem","position":1,"name":"Home","item":"https:\/\/diversibananas.com\/"},{"@type":"ListItem","position":2,"name":"News","item":"https:\/\/diversibananas.com\/news\/"},{"@type":"ListItem","position":3,"name":"Award"}]},{"@type":"WebSite","@id":"https:\/\/diversibananas.com\/#website","url":"https:\/\/diversibananas.com\/","name":"Diversibananas","description":"Gros Michel Bananas","publisher":{"@id":"https:\/\/diversibananas.com\/#organization"},"potentialAction":[{"@type":"SearchAction","target":{"@type":"EntryPoint","urlTemplate":"https:\/\/diversibananas.com\/?s={search_term_string}"},"query-input":{"@type":"PropertyValueSpecification","valueRequired":true,"valueName":"search_term_string"}}],"inLanguage":"es"},{"@type":"Organization","@id":"https:\/\/diversibananas.com\/#organization","name":"Diversibananas Guatemala","url":"https:\/\/diversibananas.com\/","logo":{"@type":"ImageObject","inLanguage":"es","@id":"https:\/\/diversibananas.com\/#\/schema\/logo\/image\/","url":"https:\/\/diversibananas.com\/wp-content\/uploads\/2025\/03\/Diversibananas-Logo-LM-1.png","contentUrl":"https:\/\/diversibananas.com\/wp-content\/uploads\/2025\/03\/Diversibananas-Logo-LM-1.png","width":627,"height":622,"caption":"Diversibananas Guatemala"},"image":{"@id":"https:\/\/diversibananas.com\/#\/schema\/logo\/image\/"}}]}},"_links":{"self":[{"href":"https:\/\/diversibananas.com\/es\/wp-json\/wp\/v2\/pages\/560","targetHints":{"allow":["GET"]}}],"collection":[{"href":"https:\/\/diversibananas.com\/es\/wp-json\/wp\/v2\/pages"}],"about":[{"href":"https:\/\/diversibananas.com\/es\/wp-json\/wp\/v2\/types\/page"}],"author":[{"embeddable":true,"href":"https:\/\/diversibananas.com\/es\/wp-json\/wp\/v2\/users\/3"}],"replies":[{"embeddable":true,"href":"https:\/\/diversibananas.com\/es\/wp-json\/wp\/v2\/comments?post=560"}],"version-history":[{"count":5,"href":"https:\/\/diversibananas.com\/es\/wp-json\/wp\/v2\/pages\/560\/revisions"}],"predecessor-version":[{"id":583,"href":"https:\/\/diversibananas.com\/es\/wp-json\/wp\/v2\/pages\/560\/revisions\/583"}],"up":[{"embeddable":true,"href":"https:\/\/diversibananas.com\/es\/wp-json\/wp\/v2\/pages\/299"}],"wp:attachment":[{"href":"https:\/\/diversibananas.com\/es\/wp-json\/wp\/v2\/media?parent=560"}],"curies":[{"name":"wp","href":"https:\/\/api.w.org\/{rel}","templated":true}]}}